{"id":91,"date":"2021-09-10T12:29:50","date_gmt":"2021-09-10T10:29:50","guid":{"rendered":"https:\/\/zsnr2.webd.pro\/?page_id=91"},"modified":"2025-09-19T09:59:32","modified_gmt":"2025-09-19T07:59:32","slug":"kontakt","status":"publish","type":"page","link":"https:\/\/sybiracy.edu.pl\/index.php\/kontakt\/","title":{"rendered":"KONTAKT"},"content":{"rendered":"\n<h3 class=\"wp-block-heading\">DANE KONTAKOWE<\/h3>\n\n\n\n<p><strong>Zesp\u00f3\u0142 Szk\u00f3\u0142 nr 2 im. Sybirak\u00f3w<\/strong><strong><br>ul. Kr\u00f3lowej Jadwigi 29<br>33-300 Nowy S\u0105cz<\/strong><\/p>\n\n\n\n<p><strong>Skrzynka Urz\u0119dowa Adres do e-Dor\u0119cze\u0144<\/strong>:AE:PL-89839-94347-FRSTF-35<\/p>\n\n\n\n<p>NIP 734-103-94-55<a href=\"mailto:zsnr2ns@op.pl\">&nbsp;zsnr2ns@op.pl<\/a><\/p>\n\n\n\n<h3 class=\"wp-block-heading\">Sekretariat<\/h3>\n\n\n\n<p><a href=\"tel:184400290\" rel=\"noreferrer noopener\" target=\"_blank\">+48 18 440 02 90<\/a><\/p>\n\n\n\n<h3 class=\"wp-block-heading\">Telefony wewn\u0119trzne<\/h3>\n\n\n\n<p>Sekretariat wew. 21<\/p>\n\n\n\n<p>V-ce dyrektor Barbara Fyda wew. 20&nbsp;<\/p>\n\n\n\n<p>V-ce dyrektor Rados\u0142aw Repetowski wew. 26&nbsp;<\/p>\n\n\n\n<p>V-ce dyrektor Tomasz Przyborowski wew. 31<\/p>\n\n\n\n<p>Kierownik szkolenia praktycznego 37<\/p>\n\n\n\n<p>Sekretarz szko\u0142y 32<\/p>\n\n\n\n<p>Kadry wew. 28&nbsp;<\/p>\n\n\n\n<p>Pok\u00f3j nauczycielski wew. 23&nbsp;<\/p>\n\n\n\n<p>Psycholog wew. 36<\/p>\n\n\n\n<p>Biblioteka wew. 34&nbsp;<\/p>\n\n\n\n<p>Pok\u00f3j wych. fizycznego wew. 29&nbsp;<\/p>\n\n\n\n<p>Gabinet profilaktyczny wew. 22<\/p>\n\n\n\n<p>Pok\u00f3j pedagoga wspomagaj\u0105cego wew. 30&nbsp;<\/p>\n\n\n\n<p>Dozorcy wew. 33<\/p>\n\n\n<div id=\"wpgmza_map\" class=\"wpgmza_map\" data-settings='{\"id\":\"1\",\"map_title\":\"New Map\",\"map_width\":\"100\",\"map_height\":\"400\",\"map_start_lat\":\"49.61322800000001\",\"map_start_lng\":\"20.70781400000001\",\"map_start_location\":\"45.950464398418106,-109.81550500000003\",\"map_start_zoom\":\"15\",\"default_marker\":\"\",\"type\":\"0\",\"alignment\":\"4\",\"directions_enabled\":\"0\",\"styling_enabled\":\"0\",\"styling_json\":\"\",\"active\":\"0\",\"kml\":\"\",\"bicycle\":\"0\",\"traffic\":\"0\",\"dbox\":\"0\",\"dbox_width\":\"\",\"listmarkers\":\"0\",\"listmarkers_advanced\":\"0\",\"filterbycat\":\"0\",\"ugm_enabled\":\"0\",\"ugm_category_enabled\":\"0\",\"fusion\":\"\",\"map_width_type\":\"%\",\"map_height_type\":\"px\",\"mass_marker_support\":\"0\",\"ugm_access\":\"0\",\"order_markers_by\":\"0\",\"order_markers_choice\":\"0\",\"show_user_location\":\"0\",\"default_to\":\"\",\"other_settings\":{\"map_type\":1,\"sl_stroke_color\":\"\",\"sl_fill_color\":\"\",\"sl_stroke_opacity\":\"\",\"sl_fill_opacity\":\"\",\"transport_layer\":false,\"action\":\"wpgmza_save_map\",\"redirect_to\":\"\\\/wp-admin\\\/admin-post.php\",\"map_id\":\"1\",\"http_referer\":\"\\\/wp-admin\\\/admin.php?page=wp-google-maps-menu&amp;amp;override=1&amp;amp;action=edit&amp;amp;map_id=1\",\"wpgmza_id\":\"1\",\"wpgmza_start_location\":\"49.61322800000001,20.70781400000001\",\"wpgmza_start_zoom\":\"15\",\"store_locator_enabled\":false,\"store_locator_search_area\":\"radial\",\"wpgmza_store_locator_radius_style\":\"legacy\",\"wpgmza_store_locator_default_radius\":\"10\",\"store_locator_auto_area_max_zoom\":\"\",\"store_locator_distance\":false,\"wpgmza_store_locator_position\":false,\"store_locator_show_distance\":false,\"store_locator_category\":false,\"wpgmza_store_locator_use_their_location\":false,\"wpgmza_store_locator_bounce\":false,\"wpgmza_sl_animation\":null,\"wpgmza_store_locator_hide_before_search\":false,\"store_locator_query_string\":\"\",\"store_locator_default_address\":\"\",\"store_locator_name_search\":false,\"store_locator_name_string\":\"\",\"store_locator_not_found_message\":\"\",\"wpgmza_map_align\":\"1\",\"jump_to_nearest_marker_on_initialization\":false,\"automatically_pan_to_users_location\":false,\"override_users_location_zoom_level\":false,\"override_users_location_zoom_levels\":\"\",\"show_distance_from_location\":false,\"map_max_zoom\":\"21\",\"map_min_zoom\":\"0\",\"click_open_link\":false,\"fit_maps_bounds_to_markers\":false,\"fit_maps_bounds_to_markers_after_filtering\":false,\"hide_point_of_interest\":false,\"wpgmza_zoom_on_marker_click\":false,\"wpgmza_zoom_on_marker_click_slider\":\"\",\"close_infowindow_on_map_click\":false,\"disable_lightbox_images\":false,\"use_Raw_Jpeg_Coordinates\":false,\"polygon_labels\":false,\"disable_polygon_info_windows\":false,\"enable_marker_ratings\":false,\"only_load_markers_within_viewport\":false,\"iw_primary_color\":\"\",\"iw_accent_color\":\"\",\"iw_text_color\":\"\",\"wpgmza_listmarkers_by\":\"0\",\"wpgmza_marker_listing_position\":false,\"zoom_level_on_marker_listing_override\":false,\"zoom_level_on_marker_listing_click\":\"\",\"datatable_no_result_message\":\"\",\"remove_search_box_datables\":false,\"dataTable_pagination_style\":null,\"datatable_search_string\":\"\",\"datatable_result_start\":\"\",\"datatable_result_of\":\"\",\"datatable_result_to\":\"\",\"datatable_result_total\":\"\",\"datatable_result_show\":\"\",\"datatable_result_entries\":\"\",\"wpgmza_savemap\":\"Zapisz map\\u0119 \\u00bb\"}}' data-map-id='1' Data-maps-engine='open-layers' data-shortcode-attributes='{\"id\":\"1\"}' style=\"display:block; overflow:auto; width:100%; height:400px; float:left;\"><\/div>\n\n\n\n<p><\/p>\n","protected":false},"excerpt":{"rendered":"<p>DANE KONTAKOWE Zesp\u00f3\u0142 Szk\u00f3\u0142 nr 2 im. Sybirak\u00f3wul. Kr\u00f3lowej Jadwigi 2933-300 Nowy S\u0105cz Skrzynka Urz\u0119dowa Adres do e-Dor\u0119cze\u0144:AE:PL-89839-94347-FRSTF-35 NIP 734-103-94-55&nbsp;zsnr2ns@op.pl Sekretariat +48 18 440 02 90 Telefony wewn\u0119trzne Sekretariat wew. 21 V-ce dyrektor Barbara Fyda wew. 20&nbsp; V-ce dyrektor Rados\u0142aw Repetowski wew. 26&nbsp; V-ce dyrektor Tomasz Przyborowski wew. 31 Kierownik szkolenia praktycznego 37 Sekretarz szko\u0142y 32 Kadry wew. 28&nbsp; Pok\u00f3j nauczycielski wew. 23&nbsp; Psycholog wew. 36 Biblioteka wew. 34&nbsp; Pok\u00f3j wych. fizycznego wew. 29&nbsp; Gabinet profilaktyczny wew. 22 Pok\u00f3j pedagoga wspomagaj\u0105cego wew. 30&nbsp; Dozorcy wew. 33<\/p>\n","protected":false},"author":1,"featured_media":0,"parent":0,"menu_order":0,"comment_status":"closed","ping_status":"closed","template":"","meta":{"ngg_post_thumbnail":0,"footnotes":""},"class_list":["post-91","page","type-page","status-publish","hentry"],"_links":{"self":[{"href":"https:\/\/sybiracy.edu.pl\/index.php\/wp-json\/wp\/v2\/pages\/91","targetHints":{"allow":["GET"]}}],"collection":[{"href":"https:\/\/sybiracy.edu.pl\/index.php\/wp-json\/wp\/v2\/pages"}],"about":[{"href":"https:\/\/sybiracy.edu.pl\/index.php\/wp-json\/wp\/v2\/types\/page"}],"author":[{"embeddable":true,"href":"https:\/\/sybiracy.edu.pl\/index.php\/wp-json\/wp\/v2\/users\/1"}],"replies":[{"embeddable":true,"href":"https:\/\/sybiracy.edu.pl\/index.php\/wp-json\/wp\/v2\/comments?post=91"}],"version-history":[{"count":12,"href":"https:\/\/sybiracy.edu.pl\/index.php\/wp-json\/wp\/v2\/pages\/91\/revisions"}],"predecessor-version":[{"id":11880,"href":"https:\/\/sybiracy.edu.pl\/index.php\/wp-json\/wp\/v2\/pages\/91\/revisions\/11880"}],"wp:attachment":[{"href":"https:\/\/sybiracy.edu.pl\/index.php\/wp-json\/wp\/v2\/media?parent=91"}],"curies":[{"name":"wp","href":"https:\/\/api.w.org\/{rel}","templated":true}]}}