{"id":469,"date":"2021-09-22T09:10:06","date_gmt":"2021-09-22T07:10:06","guid":{"rendered":"http:\/\/sybiracy.edu.pl\/?page_id=469"},"modified":"2025-10-07T06:04:17","modified_gmt":"2025-10-07T04:04:17","slug":"matura","status":"publish","type":"page","link":"https:\/\/sybiracy.edu.pl\/index.php\/matura\/","title":{"rendered":"Matura"},"content":{"rendered":"\n<p><strong>Egzamiz maturalny<\/strong> &#8211; strona OKE Krak\u00f3w <a href=\"https:\/\/cke.gov.pl\/egzamin-maturalny\/\" target=\"_blank\" rel=\"noreferrer noopener\">Zobacz<\/a><\/p>\n\n\n\n<p><strong>Informacja o sposobie organizacji i przeprowadzania egzaminu maturalnego 2025\/2026 <\/strong><a href=\"https:\/\/cke.gov.pl\/images\/_EGZAMIN_MATURALNY_OD_2015\/Komunikaty\/2026\/komunikaty\/20250820%20EM%202026%20Informacja.pdf\" target=\"_blank\" rel=\"noreferrer noopener\">Zobacz<\/a><\/p>\n\n\n\n<p><strong>Harmonogram egzamin\u00f3w maturalnych 2026<\/strong> <a href=\"https:\/\/cke.gov.pl\/images\/_EGZAMIN_MATURALNY_OD_2023\/komunikaty\/2026\/komunikaty\/20250820%20E8%20EM%20Komunikat%20o%20harmonogramie%202026.pdf\" target=\"_blank\" rel=\"noreferrer noopener\">Zobacz<\/a><\/p>\n\n\n\n<p><strong>Komunikat w sprawie materia\u0142\u00f3w i przybor\u00f3w pomocniczych &#8211; matura 2026<\/strong> <a href=\"https:\/\/cke.gov.pl\/images\/_EGZAMIN_MATURALNY_OD_2023\/komunikaty\/2026\/komunikaty\/20250820%20E8_EM%20Komunikat%20o%20przyborach%202026.pdf\" target=\"_blank\" rel=\"noreferrer noopener\">Zobacz<\/a><\/p>\n\n\n\n<p>Ka\u017cdy zdaj\u0105cy powinien mie\u0107 na egzaminie z ka\u017cdego przedmiotu d\u0142ugopis (lub pi\u00f3ro) z czarnym tuszem (atramentem) przeznaczony do zapisywania rozwi\u0105za\u0144 (odpowiedzi). Rysunki \u2013 je\u017celi trzeba je wykona\u0107 \u2013 zdaj\u0105cy wykonuj\u0105 d\u0142ugopisem. Nie wykonuje si\u0119 rysunk\u00f3w o\u0142\u00f3wkiem. Niedozwolone jest korzystanie z d\u0142ugopis\u00f3w zmazywalnych\/\u015bcieralnych. <\/p>\n","protected":false},"excerpt":{"rendered":"<p>Egzamiz maturalny &#8211; strona OKE Krak\u00f3w Zobacz Informacja o sposobie organizacji i przeprowadzania egzaminu maturalnego 2025\/2026 Zobacz Harmonogram egzamin\u00f3w maturalnych 2026 Zobacz Komunikat w sprawie materia\u0142\u00f3w i przybor\u00f3w pomocniczych &#8211; matura 2026 Zobacz Ka\u017cdy zdaj\u0105cy powinien mie\u0107 na egzaminie z ka\u017cdego przedmiotu d\u0142ugopis (lub pi\u00f3ro) z czarnym tuszem (atramentem) przeznaczony do zapisywania rozwi\u0105za\u0144 (odpowiedzi). Rysunki \u2013 je\u017celi trzeba je wykona\u0107 \u2013 zdaj\u0105cy wykonuj\u0105 d\u0142ugopisem. Nie wykonuje si\u0119 rysunk\u00f3w o\u0142\u00f3wkiem. Niedozwolone jest korzystanie z d\u0142ugopis\u00f3w zmazywalnych\/\u015bcieralnych.<\/p>\n","protected":false},"author":1,"featured_media":0,"parent":0,"menu_order":0,"comment_status":"closed","ping_status":"closed","template":"","meta":{"ngg_post_thumbnail":0,"footnotes":""},"class_list":["post-469","page","type-page","status-publish","hentry"],"_links":{"self":[{"href":"https:\/\/sybiracy.edu.pl\/index.php\/wp-json\/wp\/v2\/pages\/469","targetHints":{"allow":["GET"]}}],"collection":[{"href":"https:\/\/sybiracy.edu.pl\/index.php\/wp-json\/wp\/v2\/pages"}],"about":[{"href":"https:\/\/sybiracy.edu.pl\/index.php\/wp-json\/wp\/v2\/types\/page"}],"author":[{"embeddable":true,"href":"https:\/\/sybiracy.edu.pl\/index.php\/wp-json\/wp\/v2\/users\/1"}],"replies":[{"embeddable":true,"href":"https:\/\/sybiracy.edu.pl\/index.php\/wp-json\/wp\/v2\/comments?post=469"}],"version-history":[{"count":15,"href":"https:\/\/sybiracy.edu.pl\/index.php\/wp-json\/wp\/v2\/pages\/469\/revisions"}],"predecessor-version":[{"id":12027,"href":"https:\/\/sybiracy.edu.pl\/index.php\/wp-json\/wp\/v2\/pages\/469\/revisions\/12027"}],"wp:attachment":[{"href":"https:\/\/sybiracy.edu.pl\/index.php\/wp-json\/wp\/v2\/media?parent=469"}],"curies":[{"name":"wp","href":"https:\/\/api.w.org\/{rel}","templated":true}]}}