{"id":451,"date":"2021-09-22T08:11:32","date_gmt":"2021-09-22T06:11:32","guid":{"rendered":"http:\/\/sybiracy.edu.pl\/?page_id=451"},"modified":"2023-06-24T00:49:05","modified_gmt":"2023-06-23T22:49:05","slug":"stypendia","status":"publish","type":"page","link":"https:\/\/sybiracy.edu.pl\/index.php\/stypendia\/","title":{"rendered":"Stypendia"},"content":{"rendered":"\n<h2 class=\"wp-block-heading\">Wyprawka szkolna<\/h2>\n\n\n\n<div class=\"wp-block-group is-vertical is-layout-flex wp-container-core-group-is-layout-fe9cc265 wp-block-group-is-layout-flex\">\n<div class=\"wp-block-file\"><a id=\"wp-block-file--media-c4aab94e-e816-4b67-b2f6-0c1799bdbfc1\" href=\"https:\/\/sybiracy.edu.pl\/wp-content\/uploads\/2023\/06\/Informacja-dla-rodzicow-2022-1.doc\">Informacja dla rodzicow<\/a><a href=\"https:\/\/sybiracy.edu.pl\/wp-content\/uploads\/2023\/06\/Informacja-dla-rodzicow-2022-1.doc\" class=\"wp-block-file__button wp-element-button\" download aria-describedby=\"wp-block-file--media-c4aab94e-e816-4b67-b2f6-0c1799bdbfc1\">Pobierz<\/a><\/div>\n\n\n\n<div class=\"wp-block-file\"><a id=\"wp-block-file--media-ced61fc1-c5ce-4990-b782-fc9fcaae0514\" href=\"https:\/\/sybiracy.edu.pl\/wp-content\/uploads\/2023\/06\/Wniosek-2023.doc\">Wniosek<\/a><a href=\"https:\/\/sybiracy.edu.pl\/wp-content\/uploads\/2023\/06\/Wniosek-2023.doc\" class=\"wp-block-file__button wp-element-button\" download aria-describedby=\"wp-block-file--media-ced61fc1-c5ce-4990-b782-fc9fcaae0514\">Pobierz<\/a><\/div>\n\n\n\n<div class=\"wp-block-file\"><a id=\"wp-block-file--media-c425399e-ab85-4d12-a76c-89ae30da3064\" href=\"https:\/\/sybiracy.edu.pl\/wp-content\/uploads\/2023\/06\/Oswiadczenie-rodzica.doc\">O\u015bwiadczenie rodzica<\/a><a href=\"https:\/\/sybiracy.edu.pl\/wp-content\/uploads\/2023\/06\/Oswiadczenie-rodzica.doc\" class=\"wp-block-file__button wp-element-button\" download aria-describedby=\"wp-block-file--media-c425399e-ab85-4d12-a76c-89ae30da3064\">Pobierz<\/a><\/div>\n<\/div>\n\n\n\n<h2 class=\"wp-block-heading\">Regionalny Program Stypendialny<\/h2>\n\n\n\n<p><strong>Regionalny Program Stypendialny<\/strong>\u00a0to projekt pozakonkursowy w ramach Regionalnego Programu Operacyjnego Wojew\u00f3dztwa Ma\u0142opolskiego na lata 2014-2020, b\u0119d\u0105cy odpowiednikiem projektu systemowego PO KL pn.\u00a0<strong>Ma\u0142opolski program stypendialny dla uczni\u00f3w szczeg\u00f3lnie uzdolnionych<\/strong>\u00a0realizowanego w latach 2008-2015 przez Ma\u0142opolskie Centrum Przedsi\u0119biorczo\u015bci w Krakowie. <a rel=\"noreferrer noopener\" href=\"https:\/\/www.malopolska.pl\/dla-mieszkanca\/praca-i-edukacja\/regionalny-program-stypendialny\" target=\"_blank\">REGULAMIN<\/a><\/p>\n\n\n\n<h2 class=\"wp-block-heading\">Fundusz Stypendialny im. Braci Potoczk\u00f3w<\/h2>\n\n\n\n<p>Fundusz wspiera nauk\u0119 zdolnej m\u0142odzie\u017cy znajduj\u0105cej si\u0119 w trudnej sytuacji materialnej. Jego celem jest r\u00f3wnie\u017c promowanie m\u0142odych talent\u00f3w, uczni\u00f3w tw\u00f3rczych, pragn\u0105cych robi\u0107 wi\u0119cej i wiedzie\u0107 wi\u0119cej dla w\u0142asnego rozwoju i doskonalenia si\u0119. Na stypendium mog\u0105 liczy\u0107 przede wszystkim uczniowie z najlepsz\u0105 \u015bredni\u0105 ocen. Do przyznania stypendium brane jest r\u00f3wnie\u017c po uwag\u0119 kryterium dochodu przypadaj\u0105cego na ka\u017cdego cz\u0142onka w rodzinie, a tak\u017ce dodatkowe osi\u0105gni\u0119cia i zaanga\u017cowanie w pracach spo\u0142ecznych oraz wolontariacie. <a rel=\"noreferrer noopener\" href=\"https:\/\/sadeczanin.info\/sites\/default\/files\/journos\/user8074\/fsbp_2017_regulamin_udzielania_stypendium_im_b_potoczkow_0.pdf\" target=\"_blank\">REGULAMIN<\/a><\/p>\n\n\n\n<h2 class=\"wp-block-heading\">Stypendium Fundacji Dzie\u0142o Nowego Tysi\u0105clecia<\/h2>\n\n\n\n<p> Stypendium prze\u00adzna\u00adczone jest dla uczni\u00f3w z naj\u00adubo\u017c\u00adszych re\u00adgio\u00adn\u00f3w Polski. \u015ared\u00adnia ocen mi\u00adni\u00admum 4,5, do\u00adch\u00f3d na osob\u0119 w ro\u00addzi\u00adnie nie w\u00adszy ni\u017c 560 z\u0142 netto. Wnioski przyj\u00admo\u00adwane przez ca\u0142y rok, ale roz\u00adpa\u00adtry\u00adwane dwa razy w roku (w pierw\u00adszym i dru\u00adgim se\u00adme\u00adstrze nauki). Wnioski sk\u0142ada si\u0119 u ksi\u0119\u00addza ko\u00ador\u00addy\u00adna\u00adtora w swo\u00adjej die\u00adce\u00adzji.<a rel=\"noreferrer noopener\" href=\"https:\/\/dzielo.pl\/stypendium\/jak-zostac-stypendysta\/\" target=\"_blank\">REGULAMIN<\/a><\/p>\n\n\n\n<h2 class=\"wp-block-heading\">Stypendia Fundacji Imienia Arcybiskupa Jerzego Ablewicza<\/h2>\n\n\n\n<p>Fundacja przyznaje stypendia m\u0142odzie\u017cy zdolnej i chc\u0105cej si\u0119 uczy\u0107 a pochodz\u0105cej\u00a0z wielodzietnych i niezamo\u017cnych rodzin z terenu diecezji tarnowskiej.\u00a0Stypendia przyznawane s\u0105 m\u0142odzie\u017cy ucz\u0105cej si\u0119 w si\u00f3dmej klasie szko\u0142y\u00a0podstawowej, drugiej i trzeciej klasie gimnazjum oraz szkole\u00a0ponadgimnazjalnej ko\u0144czonej matur\u0105. <a rel=\"noreferrer noopener\" href=\"http:\/\/fundacja.diecezja.tarnow.pl\/menu\/pobierz\/Reg_2017_2018.pdf\" target=\"_blank\">REGULAMIN<\/a><\/p>\n\n\n\n<h2 class=\"wp-block-heading\">Nagroda dla uczni\u00f3w szczeg\u00f3lnie uzdolnionych<\/h2>\n\n\n\n<p><a rel=\"noreferrer noopener\" href=\"http:\/\/www.zsnr2ns.edu.pl\/wp-content\/uploads\/2018\/05\/nagroda-dla-uczniow-szczegolnie-uzdolnionych.pdf\" target=\"_blank\"> REGULAMIN<\/a><\/p>\n\n\n\n<h2 class=\"wp-block-heading\">Szkolne stypendium za wyniki w nauce<\/h2>\n\n\n\n<p> Stypendium za wyniki w nauce mo\u017ce by\u0107 przyznane uczniowi, kt\u00f3ry uzyska\u0142 wysok\u0105 \u015bredni\u0105 ocen w okresie poprzedzaj\u0105cym okres, w kt\u00f3rym przyznaje si\u0119 to stypendium. <a rel=\"noreferrer noopener\" href=\"http:\/\/www.zsnr2ns.edu.pl\/wp-content\/uploads\/2017\/11\/Regulamin-stypendia-za-wyniki-za-nauce.pdf\" target=\"_blank\">REGULAMIN<\/a><\/p>\n\n\n\n<h2 class=\"wp-block-heading\">Stypendium Ministra Edukacji Narodowej<\/h2>\n\n\n\n<p>Stypendium Ministra Edukacji Narodowej przy\u00adzna\u00adwane jest wy\u00adbit\u00adnie uzdol\u00adnio\u00adnym uczniom, a w szczeg\u00f3lno\u015bci:<\/p>\n\n\n\n<p>lau\u00adre\u00adatowi mi\u0119\u00addzy\u00adna\u00adro\u00addo\u00adwej olim\u00adpiady lub lau\u00adre\u00adatowi i fi\u00adna\u00adli\u00ad\u015bcie olim\u00adpiady przed\u00admio\u00adto\u00adwej o za\u00adsi\u0119gu og\u00f3l\u00adno\u00adpol\u00adskim lub turnieju,<\/p>\n\n\n\n<p>lau\u00adre\u00adatowi kon\u00adkursu na prac\u0119 na\u00adukow\u0105, or\u00adga\u00adni\u00adzo\u00adwa\u00adnego przez in\u00adsty\u00adtu\u00adcj\u0119 na\u00adukow\u0105 lub sto\u00adwa\u00adrzy\u00adsze\u00adnie naukowe,<\/p>\n\n\n\n<p>uczniowi szko\u0142y po\u00adnad\u00adgim\u00adna\u00adzjal\u00adnej uzy\u00adsku\u00adj\u0105\u00adcemu naj\u00adwy\u017c\u00adsze wy\u00adniki w na\u00aduce we\u00add\u0142ug in\u00addy\u00adwi\u00addu\u00adal\u00adnego pro\u00adgramu lub toku nauki,<\/p>\n\n\n\n<p>uczniowi uczest\u00adni\u00adcz\u0105\u00adcemu w za\u00adj\u0119\u00adciach prze\u00adwi\u00addzia\u00adnych to\u00adkiem stu\u00addi\u00f3w na pod\u00adsta\u00adwie prze\u00adpi\u00ads\u00f3w w spra\u00adwie za\u00adsad i wa\u00adrun\u00adk\u00f3w uczest\u00adni\u00adcze\u00adnia wy\u00adbit\u00adnie uzdol\u00adnio\u00adnych,<\/p>\n\n\n\n<p>uczni\u00f3w w za\u00adj\u0119\u00adciach na kie\u00adrun\u00adkach zgod\u00adnych z uzdol\u00adnie\u00adniami oraz za\u00adsad za\u00adli\u00adcza\u00adnia tych zaj\u0119\u0107,<\/p>\n\n\n\n<p>uczniowi, kt\u00f3ry uzy\u00adska\u0142 wy\u00adso\u00adkie wy\u00adniki we wsp\u00f3\u0142\u00adza\u00adwod\u00adnic\u00adtwie spor\u00adto\u00adwym na szcze\u00adblu kra\u00adjo\u00adwym lub mi\u0119dzynarodowym. W pro\u00adce\u00adsie kwa\u00adli\u00adfi\u00adko\u00adwa\u00adnia kan\u00addy\u00adda\u00adt\u00f3w na\u00adle\u017cy r\u00f3w\u00adnie\u017c zwr\u00f3\u00adci\u0107 uwag\u0119 na uczni\u00f3w re\u00adali\u00adzu\u00adj\u0105\u00adcych in\u00addy\u00adwi\u00addu\u00adalny tok stu\u00addi\u00f3w, pu\u00adbli\u00adku\u00adj\u0105\u00adcych prace tw\u00f3r\u00adcze, pu\u00adbli\u00adcy\u00adstyczne, po\u00adpu\u00adlar\u00adno\u00adnau\u00adkowe oraz uczni\u00f3w za\u00adkwa\u00adli\u00adfi\u00adko\u00adwa\u00adnych do udzia\u0142u w za\u00adwo\u00addach mi\u0119dzynarodowych. Wnioski o sty\u00adpen\u00addia sk\u0142a\u00addaj\u0105 dy\u00adrek\u00adto\u00adrzy szk\u00f3\u0142.<\/p>\n\n\n\n<h2 class=\"wp-block-heading\">Stypendium Prezesa Rady Ministr\u00f3w<\/h2>\n\n\n\n<p> Przyznawane jest uczniowi, kt\u00f3ry otrzy\u00adma\u0142 \u015bwia\u00addec\u00adtwo z wy\u00adr\u00f3\u017c\u00adnie\u00adniem (\u015bred\u00adnia ocen min. 4,75), uzy\u00adsku\u00adj\u0105c przy tym naj\u00adwy\u017c\u00adsz\u0105 w da\u00adnej szkole \u015bred\u00adni\u0105 stopni, albo wy\u00adka\u00adzuje szcze\u00adg\u00f3lne uzdol\u00adnie\u00adnia w co naj\u00admniej jed\u00adnej dzie\u00addzi\u00adnie wie\u00addzy, uzy\u00adsku\u00adj\u0105c w niej ce\u00adlu\u00adj\u0105ce stop\u00adnie, a z po\u00adzo\u00adsta\u00ad\u0142ych przed\u00admio\u00adt\u00f3w stop\u00adnie co naj\u00admniej dobre. Jest przy\u00adzna\u00adwane jed\u00adnemu uczniowi da\u00adnej szko\u0142y, w da\u00adnym roku szkolnym. Kandydat musi by\u0107 uczniem szko\u0142y w roku szkolnym, na kt\u00f3ry zosta\u0142o przyznane stypendium. Wnioski o sty\u00adpen\u00addia sk\u0142a\u00addaj\u0105 dy\u00adrek\u00adto\u00adrzy szk\u00f3\u0142.<\/p>\n\n\n\n<h3 class=\"wp-block-heading\">Pozosta\u0142e stypendia<\/h3>\n\n\n\n<p>Informacje o aktualnych stypendiach znajduj\u0105 si\u0119 na stronie www.mojestypendium.pl <a rel=\"noreferrer noopener\" href=\"http:\/\/www.mojestypendium.pl\/\" target=\"_blank\">Zobacz<\/a><\/p>\n","protected":false},"excerpt":{"rendered":"<p>Wyprawka szkolna Regionalny Program Stypendialny Regionalny Program Stypendialny\u00a0to projekt pozakonkursowy w ramach Regionalnego Programu Operacyjnego Wojew\u00f3dztwa Ma\u0142opolskiego na lata 2014-2020, b\u0119d\u0105cy odpowiednikiem projektu systemowego PO KL pn.\u00a0Ma\u0142opolski program stypendialny dla uczni\u00f3w szczeg\u00f3lnie uzdolnionych\u00a0realizowanego w latach 2008-2015 przez Ma\u0142opolskie Centrum Przedsi\u0119biorczo\u015bci w Krakowie. REGULAMIN Fundusz Stypendialny im. Braci Potoczk\u00f3w Fundusz wspiera nauk\u0119 zdolnej m\u0142odzie\u017cy znajduj\u0105cej si\u0119 w trudnej sytuacji materialnej. Jego celem jest r\u00f3wnie\u017c promowanie m\u0142odych talent\u00f3w, uczni\u00f3w tw\u00f3rczych, pragn\u0105cych robi\u0107 wi\u0119cej i wiedzie\u0107 wi\u0119cej dla w\u0142asnego rozwoju i doskonalenia si\u0119. Na stypendium mog\u0105 liczy\u0107 przede wszystkim uczniowie z najlepsz\u0105 \u015bredni\u0105 ocen. Do przyznania stypendium brane jest r\u00f3wnie\u017c po uwag\u0119 kryterium dochodu przypadaj\u0105cego na ka\u017cdego cz\u0142onka w rodzinie, a tak\u017ce dodatkowe osi\u0105gni\u0119cia i zaanga\u017cowanie w pracach spo\u0142ecznych oraz wolontariacie. REGULAMIN Stypendium Fundacji Dzie\u0142o Nowego Tysi\u0105clecia Stypendium prze\u00adzna\u00adczone jest dla uczni\u00f3w z naj\u00adubo\u017c\u00adszych re\u00adgio\u00adn\u00f3w Polski. \u015ared\u00adnia ocen mi\u00adni\u00admum 4,5, do\u00adch\u00f3d na osob\u0119 w ro\u00addzi\u00adnie nie w\u00adszy ni\u017c 560 z\u0142 netto. Wnioski przyj\u00admo\u00adwane przez ca\u0142y rok, ale roz\u00adpa\u00adtry\u00adwane dwa razy w roku (w pierw\u00adszym i dru\u00adgim se\u00adme\u00adstrze nauki). Wnioski sk\u0142ada si\u0119 u ksi\u0119\u00addza ko\u00ador\u00addy\u00adna\u00adtora w swo\u00adjej die\u00adce\u00adzji.REGULAMIN Stypendia Fundacji Imienia Arcybiskupa Jerzego Ablewicza Fundacja przyznaje stypendia m\u0142odzie\u017cy zdolnej i chc\u0105cej si\u0119 uczy\u0107 a pochodz\u0105cej\u00a0z wielodzietnych i niezamo\u017cnych rodzin z terenu diecezji tarnowskiej.\u00a0Stypendia przyznawane s\u0105 m\u0142odzie\u017cy ucz\u0105cej si\u0119 w si\u00f3dmej klasie szko\u0142y\u00a0podstawowej, drugiej i trzeciej klasie gimnazjum oraz szkole\u00a0ponadgimnazjalnej ko\u0144czonej matur\u0105. REGULAMIN Nagroda dla uczni\u00f3w szczeg\u00f3lnie uzdolnionych REGULAMIN Szkolne stypendium za wyniki w nauce Stypendium za wyniki w nauce mo\u017ce by\u0107 przyznane uczniowi, kt\u00f3ry uzyska\u0142 wysok\u0105 \u015bredni\u0105 ocen w okresie poprzedzaj\u0105cym okres, w kt\u00f3rym przyznaje si\u0119 to stypendium. REGULAMIN Stypendium Ministra Edukacji Narodowej Stypendium Ministra Edukacji Narodowej przy\u00adzna\u00adwane jest wy\u00adbit\u00adnie uzdol\u00adnio\u00adnym uczniom, a w szczeg\u00f3lno\u015bci: lau\u00adre\u00adatowi mi\u0119\u00addzy\u00adna\u00adro\u00addo\u00adwej olim\u00adpiady lub lau\u00adre\u00adatowi i fi\u00adna\u00adli\u00ad\u015bcie olim\u00adpiady przed\u00admio\u00adto\u00adwej o za\u00adsi\u0119gu og\u00f3l\u00adno\u00adpol\u00adskim lub turnieju, lau\u00adre\u00adatowi kon\u00adkursu na prac\u0119 na\u00adukow\u0105, or\u00adga\u00adni\u00adzo\u00adwa\u00adnego przez in\u00adsty\u00adtu\u00adcj\u0119 na\u00adukow\u0105 lub sto\u00adwa\u00adrzy\u00adsze\u00adnie naukowe, uczniowi szko\u0142y po\u00adnad\u00adgim\u00adna\u00adzjal\u00adnej uzy\u00adsku\u00adj\u0105\u00adcemu naj\u00adwy\u017c\u00adsze wy\u00adniki w na\u00aduce we\u00add\u0142ug in\u00addy\u00adwi\u00addu\u00adal\u00adnego pro\u00adgramu lub toku nauki, uczniowi uczest\u00adni\u00adcz\u0105\u00adcemu w za\u00adj\u0119\u00adciach prze\u00adwi\u00addzia\u00adnych to\u00adkiem stu\u00addi\u00f3w na pod\u00adsta\u00adwie prze\u00adpi\u00ads\u00f3w w spra\u00adwie za\u00adsad i wa\u00adrun\u00adk\u00f3w uczest\u00adni\u00adcze\u00adnia wy\u00adbit\u00adnie uzdol\u00adnio\u00adnych, uczni\u00f3w w za\u00adj\u0119\u00adciach na kie\u00adrun\u00adkach zgod\u00adnych z uzdol\u00adnie\u00adniami oraz za\u00adsad za\u00adli\u00adcza\u00adnia tych zaj\u0119\u0107, uczniowi, kt\u00f3ry uzy\u00adska\u0142 wy\u00adso\u00adkie wy\u00adniki we wsp\u00f3\u0142\u00adza\u00adwod\u00adnic\u00adtwie spor\u00adto\u00adwym na szcze\u00adblu kra\u00adjo\u00adwym lub mi\u0119dzynarodowym. W pro\u00adce\u00adsie kwa\u00adli\u00adfi\u00adko\u00adwa\u00adnia kan\u00addy\u00adda\u00adt\u00f3w na\u00adle\u017cy r\u00f3w\u00adnie\u017c zwr\u00f3\u00adci\u0107 uwag\u0119 na uczni\u00f3w re\u00adali\u00adzu\u00adj\u0105\u00adcych in\u00addy\u00adwi\u00addu\u00adalny tok stu\u00addi\u00f3w, pu\u00adbli\u00adku\u00adj\u0105\u00adcych prace tw\u00f3r\u00adcze, pu\u00adbli\u00adcy\u00adstyczne, po\u00adpu\u00adlar\u00adno\u00adnau\u00adkowe oraz uczni\u00f3w za\u00adkwa\u00adli\u00adfi\u00adko\u00adwa\u00adnych do udzia\u0142u w za\u00adwo\u00addach mi\u0119dzynarodowych. Wnioski o sty\u00adpen\u00addia sk\u0142a\u00addaj\u0105 dy\u00adrek\u00adto\u00adrzy szk\u00f3\u0142. Stypendium Prezesa Rady Ministr\u00f3w Przyznawane jest uczniowi, kt\u00f3ry otrzy\u00adma\u0142 \u015bwia\u00addec\u00adtwo z wy\u00adr\u00f3\u017c\u00adnie\u00adniem (\u015bred\u00adnia ocen min. 4,75), uzy\u00adsku\u00adj\u0105c przy tym naj\u00adwy\u017c\u00adsz\u0105 w da\u00adnej szkole \u015bred\u00adni\u0105 stopni, albo wy\u00adka\u00adzuje szcze\u00adg\u00f3lne uzdol\u00adnie\u00adnia w co naj\u00admniej jed\u00adnej dzie\u00addzi\u00adnie wie\u00addzy, uzy\u00adsku\u00adj\u0105c w niej ce\u00adlu\u00adj\u0105ce stop\u00adnie, a z po\u00adzo\u00adsta\u00ad\u0142ych przed\u00admio\u00adt\u00f3w stop\u00adnie co naj\u00admniej dobre. Jest przy\u00adzna\u00adwane jed\u00adnemu uczniowi da\u00adnej szko\u0142y, w da\u00adnym roku szkolnym. Kandydat musi by\u0107 uczniem szko\u0142y w roku szkolnym, na kt\u00f3ry zosta\u0142o przyznane stypendium. Wnioski o sty\u00adpen\u00addia sk\u0142a\u00addaj\u0105 dy\u00adrek\u00adto\u00adrzy szk\u00f3\u0142. Pozosta\u0142e stypendia Informacje o aktualnych stypendiach znajduj\u0105 si\u0119 na stronie www.mojestypendium.pl Zobacz<\/p>\n","protected":false},"author":1,"featured_media":0,"parent":0,"menu_order":0,"comment_status":"closed","ping_status":"closed","template":"","meta":{"ngg_post_thumbnail":0,"footnotes":""},"class_list":["post-451","page","type-page","status-publish","hentry"],"_links":{"self":[{"href":"https:\/\/sybiracy.edu.pl\/index.php\/wp-json\/wp\/v2\/pages\/451","targetHints":{"allow":["GET"]}}],"collection":[{"href":"https:\/\/sybiracy.edu.pl\/index.php\/wp-json\/wp\/v2\/pages"}],"about":[{"href":"https:\/\/sybiracy.edu.pl\/index.php\/wp-json\/wp\/v2\/types\/page"}],"author":[{"embeddable":true,"href":"https:\/\/sybiracy.edu.pl\/index.php\/wp-json\/wp\/v2\/users\/1"}],"replies":[{"embeddable":true,"href":"https:\/\/sybiracy.edu.pl\/index.php\/wp-json\/wp\/v2\/comments?post=451"}],"version-history":[{"count":14,"href":"https:\/\/sybiracy.edu.pl\/index.php\/wp-json\/wp\/v2\/pages\/451\/revisions"}],"predecessor-version":[{"id":5850,"href":"https:\/\/sybiracy.edu.pl\/index.php\/wp-json\/wp\/v2\/pages\/451\/revisions\/5850"}],"wp:attachment":[{"href":"https:\/\/sybiracy.edu.pl\/index.php\/wp-json\/wp\/v2\/media?parent=451"}],"curies":[{"name":"wp","href":"https:\/\/api.w.org\/{rel}","templated":true}]}}