{"id":4352,"date":"2023-02-14T15:25:14","date_gmt":"2023-02-14T14:25:14","guid":{"rendered":"https:\/\/sybiracy.edu.pl\/?page_id=4352"},"modified":"2025-04-06T21:35:15","modified_gmt":"2025-04-06T19:35:15","slug":"materialy-promocyjne","status":"publish","type":"page","link":"https:\/\/sybiracy.edu.pl\/index.php\/materialy-promocyjne\/","title":{"rendered":"Materia\u0142y promocyjne"},"content":{"rendered":"\n<p class=\"has-medium-font-size\"><strong>Szkolne media spo\u0142eczno\u015bciowe:<\/strong><\/p>\n\n\n\n<ul class=\"wp-block-list\">\n<li><a href=\"https:\/\/www.facebook.com\/zsnr2imsybirakow\/\" target=\"_blank\" rel=\"noreferrer noopener\">Facebook<\/a> <\/li>\n\n\n\n<li><a href=\"https:\/\/www.youtube.com\/channel\/UCxsVbCB2ENI6fPU_ZAYK3NA\/featured\" target=\"_blank\" rel=\"noreferrer noopener\">YouTube<\/a> <\/li>\n\n\n\n<li><a href=\"https:\/\/www.tiktok.com\/@zsnr2ns.sybiracy\" target=\"_blank\" rel=\"noreferrer noopener\">TikTok<\/a> <\/li>\n<\/ul>\n\n\n\n<p class=\"has-medium-font-size\"><strong>Filmy promocyjne<\/strong>:<\/p>\n\n\n\n<p><strong>IX LO<\/strong> <strong>Klasy mundurowe<\/strong> <\/p>\n\n\n\n<figure class=\"wp-block-embed aligncenter is-type-video is-provider-youtube wp-block-embed-youtube wp-embed-aspect-16-9 wp-has-aspect-ratio\"><div class=\"wp-block-embed__wrapper\">\n<iframe title=\"IX LO   klasy mundurowe   ZS nr  2 im  Sybirak\u00f3w w Nowym S\u0105czu. Rekrutacja 2024\" width=\"960\" height=\"540\" src=\"https:\/\/www.youtube.com\/embed\/IKF45HmXR-w?feature=oembed\" frameborder=\"0\" allow=\"accelerometer; autoplay; clipboard-write; encrypted-media; gyroscope; picture-in-picture; web-share\" referrerpolicy=\"strict-origin-when-cross-origin\" allowfullscreen><\/iframe>\n<\/div><\/figure>\n\n\n\n<p><br><strong>Jak przej\u015b\u0107 test sprawno\u015bciowy do Oddzia\u0142u Przygotowania Wojskowego.<\/strong><\/p>\n\n\n\n<figure class=\"wp-block-embed is-type-video is-provider-youtube wp-block-embed-youtube wp-embed-aspect-16-9 wp-has-aspect-ratio\"><div class=\"wp-block-embed__wrapper\">\n<iframe title=\"Jak przej\u015b\u0107 test sprawno\u015bciowy do Oddzia\u0142u Przygotowania Wojskowego. Rekrutacja 2022\/2023.\" width=\"960\" height=\"540\" src=\"https:\/\/www.youtube.com\/embed\/i4KPw4rk8wc?feature=oembed\" frameborder=\"0\" allow=\"accelerometer; autoplay; clipboard-write; encrypted-media; gyroscope; picture-in-picture; web-share\" referrerpolicy=\"strict-origin-when-cross-origin\" allowfullscreen><\/iframe>\n<\/div><\/figure>\n\n\n\n<p><br><strong>Q&amp;A &#8211; Klasa mundurowa. Szko\u0142a wojskowa. Ogl\u0105daj do ko\u0144ca!!!<\/strong><\/p>\n\n\n\n<figure class=\"wp-block-embed is-type-video is-provider-youtube wp-block-embed-youtube wp-embed-aspect-16-9 wp-has-aspect-ratio\"><div class=\"wp-block-embed__wrapper\">\n<iframe title=\"Q&amp;A - Klasa mundurowa. Szko\u0142a wojskowa. Ogl\u0105daj do ko\u0144ca!!!\" width=\"960\" height=\"540\" src=\"https:\/\/www.youtube.com\/embed\/GuFJqfc1F6w?feature=oembed\" frameborder=\"0\" allow=\"accelerometer; autoplay; clipboard-write; encrypted-media; gyroscope; picture-in-picture; web-share\" referrerpolicy=\"strict-origin-when-cross-origin\" allowfullscreen><\/iframe>\n<\/div><\/figure>\n\n\n\n<p><br><strong>Nieodp\u0142atne wyposa\u017cenie ucznia klasy mundurowej.<\/strong><\/p>\n\n\n\n<figure class=\"wp-block-embed is-type-video is-provider-youtube wp-block-embed-youtube wp-embed-aspect-16-9 wp-has-aspect-ratio\"><div class=\"wp-block-embed__wrapper\">\n<iframe title=\"Nieodp\u0142atne wyposa\u017cenie ucznia klasy mundurowej.  Rekrutacja 2021.\" width=\"960\" height=\"540\" src=\"https:\/\/www.youtube.com\/embed\/02nV6k5mQsA?feature=oembed\" frameborder=\"0\" allow=\"accelerometer; autoplay; clipboard-write; encrypted-media; gyroscope; picture-in-picture; web-share\" referrerpolicy=\"strict-origin-when-cross-origin\" allowfullscreen><\/iframe>\n<\/div><\/figure>\n\n\n\n<p><br><strong>Przysi\u0119ga Strzelecka<\/strong><\/p>\n\n\n\n<figure class=\"wp-block-embed is-type-video is-provider-youtube wp-block-embed-youtube wp-embed-aspect-16-9 wp-has-aspect-ratio\"><div class=\"wp-block-embed__wrapper\">\n<iframe title=\"Przysi\u0119ga  strzelecka 2022 #shorts\" width=\"960\" height=\"540\" src=\"https:\/\/www.youtube.com\/embed\/QOKBGnIdPdI?feature=oembed\" frameborder=\"0\" allow=\"accelerometer; autoplay; clipboard-write; encrypted-media; gyroscope; picture-in-picture; web-share\" referrerpolicy=\"strict-origin-when-cross-origin\" allowfullscreen><\/iframe>\n<\/div><\/figure>\n\n\n\n<p><br><strong>Ratownictwo medyczne<\/strong><\/p>\n\n\n\n<figure class=\"wp-block-embed is-type-video is-provider-youtube wp-block-embed-youtube wp-embed-aspect-16-9 wp-has-aspect-ratio\"><div class=\"wp-block-embed__wrapper\">\n<iframe title=\"Profil Ratownictwo Medyczne ZS nr 2 w Nowym S\u0105czu. Rekrutacja 2024\" width=\"960\" height=\"540\" src=\"https:\/\/www.youtube.com\/embed\/us8BI2RO0gE?feature=oembed\" frameborder=\"0\" allow=\"accelerometer; autoplay; clipboard-write; encrypted-media; gyroscope; picture-in-picture; web-share\" referrerpolicy=\"strict-origin-when-cross-origin\" allowfullscreen><\/iframe>\n<\/div><\/figure>\n\n\n\n<p><br><strong>Technikum<\/strong><\/p>\n\n\n\n<figure class=\"wp-block-embed is-type-video is-provider-youtube wp-block-embed-youtube wp-embed-aspect-16-9 wp-has-aspect-ratio\"><div class=\"wp-block-embed__wrapper\">\n<iframe title=\"Technikum nr 2 w Nowym S\u0105czu. Rekrutacja 2021. Technik organizacji turystyki.\" width=\"960\" height=\"540\" src=\"https:\/\/www.youtube.com\/embed\/LV8UgyLqn44?feature=oembed\" frameborder=\"0\" allow=\"accelerometer; autoplay; clipboard-write; encrypted-media; gyroscope; picture-in-picture; web-share\" referrerpolicy=\"strict-origin-when-cross-origin\" allowfullscreen><\/iframe>\n<\/div><\/figure>\n\n\n\n<p><br><strong>Czy warto p\u00f3j\u015b\u0107 do technikum? Pytania i odpowiedzi.<\/strong><\/p>\n\n\n\n<figure class=\"wp-block-embed is-type-video is-provider-youtube wp-block-embed-youtube wp-embed-aspect-16-9 wp-has-aspect-ratio\"><div class=\"wp-block-embed__wrapper\">\n<iframe title=\"Czy warto p\u00f3j\u015b\u0107 do technikum? Pytania i odpowiedzi. Rekrutacja 2022\" width=\"960\" height=\"540\" src=\"https:\/\/www.youtube.com\/embed\/FnIwkXDI6xY?feature=oembed\" frameborder=\"0\" allow=\"accelerometer; autoplay; clipboard-write; encrypted-media; gyroscope; picture-in-picture; web-share\" referrerpolicy=\"strict-origin-when-cross-origin\" allowfullscreen><\/iframe>\n<\/div><\/figure>\n\n\n\n<p><strong>Bran\u017cowy Oddzia\u0142 Wojskowy<\/strong><\/p>\n\n\n\n<figure class=\"wp-block-embed is-type-video is-provider-youtube wp-block-embed-youtube wp-embed-aspect-16-9 wp-has-aspect-ratio\"><div class=\"wp-block-embed__wrapper\">\n<iframe title=\"Bran\u017cowy Oddzia\u0142 Wojskowy. ZS nr 2 w Nowym S\u0105czu. Rekrutacja 2024\" width=\"960\" height=\"540\" src=\"https:\/\/www.youtube.com\/embed\/2HvxDehUwEw?feature=oembed\" frameborder=\"0\" allow=\"accelerometer; autoplay; clipboard-write; encrypted-media; gyroscope; picture-in-picture; web-share\" referrerpolicy=\"strict-origin-when-cross-origin\" allowfullscreen><\/iframe>\n<\/div><\/figure>\n\n\n\n<p><strong>Ulotka<\/strong><\/p>\n\n\n\n<figure class=\"wp-block-image size-large\"><img fetchpriority=\"high\" decoding=\"async\" width=\"1024\" height=\"720\" src=\"https:\/\/sybiracy.edu.pl\/wp-content\/uploads\/2025\/02\/PXL_20250223_1112131312-1024x720.jpg\" alt=\"\" class=\"wp-image-10274\" srcset=\"https:\/\/sybiracy.edu.pl\/wp-content\/uploads\/2025\/02\/PXL_20250223_1112131312-1024x720.jpg 1024w, https:\/\/sybiracy.edu.pl\/wp-content\/uploads\/2025\/02\/PXL_20250223_1112131312-300x211.jpg 300w, https:\/\/sybiracy.edu.pl\/wp-content\/uploads\/2025\/02\/PXL_20250223_1112131312-768x540.jpg 768w, https:\/\/sybiracy.edu.pl\/wp-content\/uploads\/2025\/02\/PXL_20250223_1112131312-1536x1079.jpg 1536w, https:\/\/sybiracy.edu.pl\/wp-content\/uploads\/2025\/02\/PXL_20250223_1112131312-2048x1439.jpg 2048w, https:\/\/sybiracy.edu.pl\/wp-content\/uploads\/2025\/02\/PXL_20250223_1112131312-1140x801.jpg 1140w\" sizes=\"(max-width: 1024px) 100vw, 1024px\" \/><\/figure>\n\n\n\n<figure class=\"wp-block-image size-large\"><img decoding=\"async\" width=\"1024\" height=\"744\" src=\"https:\/\/sybiracy.edu.pl\/wp-content\/uploads\/2024\/04\/1-001-1-1024x744.jpg\" alt=\"\" class=\"wp-image-8031\" srcset=\"https:\/\/sybiracy.edu.pl\/wp-content\/uploads\/2024\/04\/1-001-1-1024x744.jpg 1024w, https:\/\/sybiracy.edu.pl\/wp-content\/uploads\/2024\/04\/1-001-1-300x218.jpg 300w, https:\/\/sybiracy.edu.pl\/wp-content\/uploads\/2024\/04\/1-001-1-768x558.jpg 768w, https:\/\/sybiracy.edu.pl\/wp-content\/uploads\/2024\/04\/1-001-1-1536x1116.jpg 1536w, https:\/\/sybiracy.edu.pl\/wp-content\/uploads\/2024\/04\/1-001-1-2048x1488.jpg 2048w, https:\/\/sybiracy.edu.pl\/wp-content\/uploads\/2024\/04\/1-001-1-1140x828.jpg 1140w\" sizes=\"(max-width: 1024px) 100vw, 1024px\" \/><\/figure>\n\n\n\n<p><\/p>\n","protected":false},"excerpt":{"rendered":"<p>Szkolne media spo\u0142eczno\u015bciowe: Filmy promocyjne: IX LO Klasy mundurowe Jak przej\u015b\u0107 test sprawno\u015bciowy do Oddzia\u0142u Przygotowania Wojskowego. Q&amp;A &#8211; Klasa mundurowa. Szko\u0142a wojskowa. Ogl\u0105daj do ko\u0144ca!!! Nieodp\u0142atne wyposa\u017cenie ucznia klasy mundurowej. Przysi\u0119ga Strzelecka Ratownictwo medyczne Technikum Czy warto p\u00f3j\u015b\u0107 do technikum? Pytania i odpowiedzi. Bran\u017cowy Oddzia\u0142 Wojskowy Ulotka<\/p>\n","protected":false},"author":3,"featured_media":0,"parent":0,"menu_order":0,"comment_status":"closed","ping_status":"closed","template":"","meta":{"ngg_post_thumbnail":0,"footnotes":""},"class_list":["post-4352","page","type-page","status-publish","hentry"],"_links":{"self":[{"href":"https:\/\/sybiracy.edu.pl\/index.php\/wp-json\/wp\/v2\/pages\/4352","targetHints":{"allow":["GET"]}}],"collection":[{"href":"https:\/\/sybiracy.edu.pl\/index.php\/wp-json\/wp\/v2\/pages"}],"about":[{"href":"https:\/\/sybiracy.edu.pl\/index.php\/wp-json\/wp\/v2\/types\/page"}],"author":[{"embeddable":true,"href":"https:\/\/sybiracy.edu.pl\/index.php\/wp-json\/wp\/v2\/users\/3"}],"replies":[{"embeddable":true,"href":"https:\/\/sybiracy.edu.pl\/index.php\/wp-json\/wp\/v2\/comments?post=4352"}],"version-history":[{"count":20,"href":"https:\/\/sybiracy.edu.pl\/index.php\/wp-json\/wp\/v2\/pages\/4352\/revisions"}],"predecessor-version":[{"id":10669,"href":"https:\/\/sybiracy.edu.pl\/index.php\/wp-json\/wp\/v2\/pages\/4352\/revisions\/10669"}],"wp:attachment":[{"href":"https:\/\/sybiracy.edu.pl\/index.php\/wp-json\/wp\/v2\/media?parent=4352"}],"curies":[{"name":"wp","href":"https:\/\/api.w.org\/{rel}","templated":true}]}}