{"id":364,"date":"2021-09-20T16:19:44","date_gmt":"2021-09-20T14:19:44","guid":{"rendered":"http:\/\/sybiracy.edu.pl\/?page_id=364"},"modified":"2025-09-03T11:59:04","modified_gmt":"2025-09-03T09:59:04","slug":"podreczniki","status":"publish","type":"page","link":"https:\/\/sybiracy.edu.pl\/index.php\/podreczniki\/","title":{"rendered":"Podr\u0119czniki"},"content":{"rendered":"\n<h3 class=\"wp-block-heading\"><br>Liceum Og\u00f3lnokszta\u0142c\u0105ce<\/h3>\n\n\n\n<p><a href=\"https:\/\/sybiracy.edu.pl\/wp-content\/uploads\/2025\/08\/podreczniki-IX-LO-.pdf\">Wykaz podr\u0119cznik\u00f3w rok szkolny 2025\/2026 <\/a><\/p>\n\n\n\n<p><a href=\"https:\/\/sybiracy.edu.pl\/wp-content\/uploads\/2025\/09\/liceum-klasy-2-20232024.pdf\">Wykaz podr\u0119cznik\u00f3w od roku szkolnego 2024\/2025<\/a> aktualizacja dla klas II<\/p>\n\n\n\n<p><a href=\"https:\/\/sybiracy.edu.pl\/wp-content\/uploads\/2024\/06\/podreczniki-IX-LO-23-24-.pdf\">Wykaz podr\u0119cznik\u00f3w od roku szkolnego2023\/24<\/a><\/p>\n\n\n\n<p><a href=\"https:\/\/sybiracy.edu.pl\/wp-content\/uploads\/2023\/09\/podreczniki-IX-LO-22-23-.pdf\" target=\"_blank\" rel=\"noreferrer noopener\">Wykaz podr\u0119cznik\u00f3w &#8211; klasa pierwsza &#8211; rok szkolny 2022\/2023<\/a><\/p>\n\n\n\n<p><a href=\"https:\/\/sybiracy.edu.pl\/wp-content\/uploads\/2023\/07\/podreczniki-IX-LO.pdf\" target=\"_blank\" rel=\"noreferrer noopener\">Wykaz podr\u0119cznik\u00f3w dla klas rozpoczynaj\u0105cych nauk\u0119 w latach wcze\u015bniejszych<\/a><br><\/p>\n\n\n\n<h3 class=\"wp-block-heading\">Technikum<\/h3>\n\n\n\n<p><a href=\"https:\/\/sybiracy.edu.pl\/wp-content\/uploads\/2025\/08\/podreczniki-Technikum.pdf\">Wykaz podr\u0119cznik\u00f3w rok szkolny 2025\/2026<\/a><\/p>\n\n\n\n<p><a href=\"https:\/\/sybiracy.edu.pl\/wp-content\/uploads\/2025\/08\/podreczniki-Technikum-2025-26-II-klasa.pdf\">Wykaz podr\u0119cznik\u00f3w od roku szkolnego 2024\/2025<\/a> aktualizacja dla klas II<\/p>\n\n\n\n<p><a href=\"https:\/\/sybiracy.edu.pl\/wp-content\/uploads\/2024\/06\/podreczniki-Technikum-23-24.pdf\" target=\"_blank\" rel=\"noreferrer noopener\">Wykaz podr\u0119cznik\u00f3w od roku szkolnego 2023\/24<\/a><\/p>\n\n\n\n<p><a rel=\"noreferrer noopener\" href=\"https:\/\/sybiracy.edu.pl\/wp-content\/uploads\/2022\/07\/podreczniki-Technikum-1.pdf\" target=\"_blank\">Wykaz podr\u0119cznik\u00f3w &#8211; klasa pierwsza &#8211; rok szkolny 2022\/2023<\/a><\/p>\n\n\n\n<p><a href=\"https:\/\/sybiracy.edu.pl\/wp-content\/uploads\/2023\/07\/podreczniki-T.pdf\" target=\"_blank\" rel=\"noreferrer noopener\">Wykaz podr\u0119cznik\u00f3w dla klas rozpoczynaj\u0105cych nauk\u0119 w latach wcze\u015bniejszych<\/a><br><\/p>\n\n\n\n<h3 class=\"wp-block-heading\">Bran\u017cowa Szko\u0142a I Stopnia<\/h3>\n\n\n\n<p><a href=\"https:\/\/sybiracy.edu.pl\/wp-content\/uploads\/2025\/07\/podreczniki-Branzowa2526.pdf\">Wykaz podr\u0119cznik\u00f3w rok szkolny 2025\/2026<\/a><\/p>\n\n\n\n<p><a href=\"https:\/\/sybiracy.edu.pl\/wp-content\/uploads\/2025\/07\/podreczniki-Branzowa-2025-26-II-klasa.pdf\" data-type=\"link\" data-id=\"https:\/\/sybiracy.edu.pl\/wp-content\/uploads\/2025\/07\/podreczniki-Branzowa-2025-26-II-klasa.pdf\">Wykaz podr\u0119cznik\u00f3w od roku szkolnego 2024\/2025<\/a> aktualizacja dla klas II<\/p>\n\n\n\n<p><a href=\"https:\/\/sybiracy.edu.pl\/wp-content\/uploads\/2024\/06\/podreczniki-Branzowa-23-24.pdf\">Wykaz podr\u0119cznik\u00f3w od roku szkolnego 2023\/24<\/a><\/p>\n\n\n\n<p><a href=\"https:\/\/sybiracy.edu.pl\/wp-content\/uploads\/2023\/07\/podreczniki-Branzowa-1.pdf\" target=\"_blank\" rel=\"noreferrer noopener\">Wykaz podr\u0119cznik\u00f3w dla klas rozpoczynaj\u0105cych nauk\u0119 w latach wcze\u015bniejszych<\/a><\/p>\n","protected":false},"excerpt":{"rendered":"<p>Liceum Og\u00f3lnokszta\u0142c\u0105ce Wykaz podr\u0119cznik\u00f3w rok szkolny 2025\/2026 Wykaz podr\u0119cznik\u00f3w od roku szkolnego 2024\/2025 aktualizacja dla klas II Wykaz podr\u0119cznik\u00f3w od roku szkolnego2023\/24 Wykaz podr\u0119cznik\u00f3w &#8211; klasa pierwsza &#8211; rok szkolny 2022\/2023 Wykaz podr\u0119cznik\u00f3w dla klas rozpoczynaj\u0105cych nauk\u0119 w latach wcze\u015bniejszych Technikum Wykaz podr\u0119cznik\u00f3w rok szkolny 2025\/2026 Wykaz podr\u0119cznik\u00f3w od roku szkolnego 2024\/2025 aktualizacja dla klas II Wykaz podr\u0119cznik\u00f3w od roku szkolnego 2023\/24 Wykaz podr\u0119cznik\u00f3w &#8211; klasa pierwsza &#8211; rok szkolny 2022\/2023 Wykaz podr\u0119cznik\u00f3w dla klas rozpoczynaj\u0105cych nauk\u0119 w latach wcze\u015bniejszych Bran\u017cowa Szko\u0142a I Stopnia Wykaz podr\u0119cznik\u00f3w rok szkolny 2025\/2026 Wykaz podr\u0119cznik\u00f3w od roku szkolnego 2024\/2025 aktualizacja dla klas II Wykaz podr\u0119cznik\u00f3w od roku szkolnego 2023\/24 Wykaz podr\u0119cznik\u00f3w dla klas rozpoczynaj\u0105cych nauk\u0119 w latach wcze\u015bniejszych<\/p>\n","protected":false},"author":1,"featured_media":0,"parent":0,"menu_order":0,"comment_status":"closed","ping_status":"closed","template":"","meta":{"ngg_post_thumbnail":0,"footnotes":""},"class_list":["post-364","page","type-page","status-publish","hentry"],"_links":{"self":[{"href":"https:\/\/sybiracy.edu.pl\/index.php\/wp-json\/wp\/v2\/pages\/364","targetHints":{"allow":["GET"]}}],"collection":[{"href":"https:\/\/sybiracy.edu.pl\/index.php\/wp-json\/wp\/v2\/pages"}],"about":[{"href":"https:\/\/sybiracy.edu.pl\/index.php\/wp-json\/wp\/v2\/types\/page"}],"author":[{"embeddable":true,"href":"https:\/\/sybiracy.edu.pl\/index.php\/wp-json\/wp\/v2\/users\/1"}],"replies":[{"embeddable":true,"href":"https:\/\/sybiracy.edu.pl\/index.php\/wp-json\/wp\/v2\/comments?post=364"}],"version-history":[{"count":38,"href":"https:\/\/sybiracy.edu.pl\/index.php\/wp-json\/wp\/v2\/pages\/364\/revisions"}],"predecessor-version":[{"id":11756,"href":"https:\/\/sybiracy.edu.pl\/index.php\/wp-json\/wp\/v2\/pages\/364\/revisions\/11756"}],"wp:attachment":[{"href":"https:\/\/sybiracy.edu.pl\/index.php\/wp-json\/wp\/v2\/media?parent=364"}],"curies":[{"name":"wp","href":"https:\/\/api.w.org\/{rel}","templated":true}]}}