{"id":325,"date":"2021-09-16T08:28:00","date_gmt":"2021-09-16T06:28:00","guid":{"rendered":"https:\/\/zsnr2.webd.pro\/?page_id=325"},"modified":"2021-10-07T11:38:00","modified_gmt":"2021-10-07T09:38:00","slug":"rodo","status":"publish","type":"page","link":"https:\/\/sybiracy.edu.pl\/index.php\/rodo\/","title":{"rendered":"RODO"},"content":{"rendered":"\n<p class=\"has-vivid-red-color has-text-color\"><a href=\"https:\/\/sybiracy.edu.pl\/wp-content\/uploads\/2021\/09\/Klauzula-informacyjna-RODO-dla-kontrahentow-Zespolu-Szkol-nr-2-im.docx\">Klauzula informacyjna RODO dla kontrahent\u00f3w Zespo\u0142u Szk\u00f3\u0142 nr 2 im. Sybirak\u00f3w w Nowym S\u0105czu<\/a><\/p>\n\n\n\n<p class=\"has-vivid-red-color has-text-color\"><a href=\"https:\/\/sybiracy.edu.pl\/wp-content\/uploads\/2021\/09\/KLAUZULA-INFORMACYJNA-WOBEC-PRAKTYKANTOW-W-RAMACH-NIEODPLATNYCH-PRAKTYK.docx\">Klauzula informacyjna wobec praktykant\u00f3w w ramach nieodp\u0142atnych praktyk \u2013 Zesp\u00f3\u0142 Szk\u00f3\u0142 nr 2 im. Sybirak\u00f3w w Nowym S\u0105czu<\/a><\/p>\n\n\n\n<p class=\"has-vivid-red-color has-text-color\"><a href=\"https:\/\/sybiracy.edu.pl\/wp-content\/uploads\/2021\/09\/Zalacznik_nr_5_Wzor_Klauzul-Informacyjnych_zs2.docx\">Wzory klauzul informacyjnych w Zespole Szk\u00f3\u0142 nr 2 im. Sybirak\u00f3w w Nowym S\u0105czu<\/a><\/p>\n\n\n\n<p class=\"has-vivid-red-color has-text-color\"><a href=\"https:\/\/sybiracy.edu.pl\/wp-content\/uploads\/2021\/09\/Zgoda_przetwarzanie_wizerunku.docx\">Zgoda_przetwarzanie_wizerunku<\/a><\/p>\n\n\n\n<p class=\"has-vivid-red-color has-text-color\"><\/p>\n","protected":false},"excerpt":{"rendered":"<p>Klauzula informacyjna RODO dla kontrahent\u00f3w Zespo\u0142u Szk\u00f3\u0142 nr 2 im. Sybirak\u00f3w w Nowym S\u0105czu Klauzula informacyjna wobec praktykant\u00f3w w ramach nieodp\u0142atnych praktyk \u2013 Zesp\u00f3\u0142 Szk\u00f3\u0142 nr 2 im. Sybirak\u00f3w w Nowym S\u0105czu Wzory klauzul informacyjnych w Zespole Szk\u00f3\u0142 nr 2 im. Sybirak\u00f3w w Nowym S\u0105czu Zgoda_przetwarzanie_wizerunku<\/p>\n","protected":false},"author":1,"featured_media":0,"parent":0,"menu_order":0,"comment_status":"closed","ping_status":"closed","template":"","meta":{"ngg_post_thumbnail":0,"footnotes":""},"class_list":["post-325","page","type-page","status-publish","hentry"],"_links":{"self":[{"href":"https:\/\/sybiracy.edu.pl\/index.php\/wp-json\/wp\/v2\/pages\/325","targetHints":{"allow":["GET"]}}],"collection":[{"href":"https:\/\/sybiracy.edu.pl\/index.php\/wp-json\/wp\/v2\/pages"}],"about":[{"href":"https:\/\/sybiracy.edu.pl\/index.php\/wp-json\/wp\/v2\/types\/page"}],"author":[{"embeddable":true,"href":"https:\/\/sybiracy.edu.pl\/index.php\/wp-json\/wp\/v2\/users\/1"}],"replies":[{"embeddable":true,"href":"https:\/\/sybiracy.edu.pl\/index.php\/wp-json\/wp\/v2\/comments?post=325"}],"version-history":[{"count":13,"href":"https:\/\/sybiracy.edu.pl\/index.php\/wp-json\/wp\/v2\/pages\/325\/revisions"}],"predecessor-version":[{"id":1025,"href":"https:\/\/sybiracy.edu.pl\/index.php\/wp-json\/wp\/v2\/pages\/325\/revisions\/1025"}],"wp:attachment":[{"href":"https:\/\/sybiracy.edu.pl\/index.php\/wp-json\/wp\/v2\/media?parent=325"}],"curies":[{"name":"wp","href":"https:\/\/api.w.org\/{rel}","templated":true}]}}