{"id":308,"date":"2021-09-16T08:22:01","date_gmt":"2021-09-16T06:22:01","guid":{"rendered":"https:\/\/zsnr2.webd.pro\/?page_id=308"},"modified":"2026-04-15T08:07:13","modified_gmt":"2026-04-15T06:07:13","slug":"druki-do-pobrania","status":"publish","type":"page","link":"https:\/\/sybiracy.edu.pl\/index.php\/druki-do-pobrania\/","title":{"rendered":"Druki do pobrania"},"content":{"rendered":"\n<p>Kwestionariusz  <a href=\"https:\/\/sybiracy.edu.pl\/wp-content\/uploads\/2024\/02\/Kwestionariusz-ucznia.pdf\">Pobierz<\/a><\/p>\n\n\n\n<p>Karta aktywno\u015bci strzelca <a href=\"https:\/\/sybiracy.edu.pl\/wp-content\/uploads\/2021\/12\/KARTA-AKTYWNOSCI.docx\">Pobierz<\/a><\/p>\n\n\n\n<p>Karta obiegowa rezygnacja <a href=\"https:\/\/sybiracy.edu.pl\/wp-content\/uploads\/2026\/04\/karta-obiegowa_reyzgnacja.docx\">Pobierz<\/a><\/p>\n\n\n\n<p>Karta obiegowa uko\u0144czenia szko\u0142y <a href=\"https:\/\/sybiracy.edu.pl\/wp-content\/uploads\/2026\/04\/Karta-obiegowa_ukonczenie-szkoly.docx\">Pobierz<\/a><\/p>\n\n\n\n<p>O\u015bwiadczenie &#8211; ucz\u0119szczanie w lekcjach religii <a href=\"https:\/\/sybiracy.edu.pl\/wp-content\/uploads\/2024\/02\/Oswiadczenie-uczeszczanie-w-lekcjach-religii.pdf\">Pobierz<\/a><\/p>\n\n\n\n<p>Podanie o wydanie opinii <a href=\"https:\/\/sybiracy.edu.pl\/wp-content\/uploads\/2021\/09\/podanie-o-opinie.pdf\">Pobierz<\/a><\/p>\n\n\n\n<p>Rezygnacja z religii &#8211; ucze\u0144 niepe\u0142noletni <a href=\"https:\/\/sybiracy.edu.pl\/wp-content\/uploads\/2024\/02\/Rezygnacja-z-religii-uczen-niepelnoletni.pdf\">Pobierz<\/a><\/p>\n\n\n\n<p>Rezygnacja z klasy mundurowej <a href=\"https:\/\/sybiracy.edu.pl\/wp-content\/uploads\/2021\/09\/rezygnacja-z-klasy-mundurowej.docx\">Pobierz<\/a><\/p>\n\n\n\n<p>Rezygnacja z religii &#8211; ucze\u0144 pe\u0142noletni <a href=\"https:\/\/sybiracy.edu.pl\/wp-content\/uploads\/2024\/02\/Rezygnacja-z-religii-uczen-pelnoletni.pdf\">Pobierz<\/a><\/p>\n\n\n\n<p>Rezygnacja z zaj\u0119\u0107 edukacja zdrowotna &#8211; ucze\u0144 niepe\u0142noletni <a href=\"https:\/\/sybiracy.edu.pl\/wp-content\/uploads\/2025\/09\/wzor_rezygnacji_z_zajec_edukacji_zdrowotnej_uczen_niepelnoletni.docx\">Pobierz<\/a><\/p>\n\n\n\n<p>Wniosek o duplikat e-legitymacji <a href=\"https:\/\/sybiracy.edu.pl\/wp-content\/uploads\/2025\/09\/wniosek-duplikat-e-legitymacji.pdf\">Pobierz<\/a><\/p>\n\n\n\n<p>Wniosek o duplikat \u015bwiadectwa <a href=\"https:\/\/sybiracy.edu.pl\/wp-content\/uploads\/2025\/02\/wniosek-duplikat-swiadectwa.pdf\">Pobierz<\/a><\/p>\n\n\n\n<p>Wniosek o zwolnienie z drugiego j\u0119zyka obcego <a href=\"https:\/\/sybiracy.edu.pl\/wp-content\/uploads\/2025\/02\/wniosek-zwolnienie-z-drugiego-j.obcego.pdf\">Pobierz<\/a><\/p>\n\n\n\n<p>Wniosek o zwolnienie z lekcji wychowania fizycznego <a href=\"https:\/\/sybiracy.edu.pl\/wp-content\/uploads\/2025\/02\/wniosek-zwolnienie-z-wych-fiz.pdf\" data-type=\"URL\" data-id=\"https:\/\/sybiracy.edu.pl\/wp-content\/uploads\/2021\/09\/prosba-o-zwolnienie-z-wf-1.pdf\">Pobierz<\/a><\/p>\n\n\n\n<p>Wniosek o dow\u00f3z <a href=\"https:\/\/sybiracy.edu.pl\/wp-content\/uploads\/2023\/06\/Wniosek-o-dowoz-ucznia-niepelnosprawnego.doc\">Pobierz<\/a><\/p>\n\n\n\n<p>Zgoda na obj\u0119cie opiek\u0105 profilaktyczn\u0105 <a href=\"https:\/\/sybiracy.edu.pl\/wp-content\/uploads\/2024\/02\/Zgoda-na-objecie-opieka-profilaktyczna.pdf\">Pobierz<\/a><\/p>\n\n\n\n<p>Zwolnienie z lekcji wychowania do \u017cycia <a href=\"https:\/\/sybiracy.edu.pl\/wp-content\/uploads\/2021\/09\/zwolnienie-z-wdz-2.doc\">Pobierz<\/a><\/p>\n\n\n\n<p><strong>Rz\u0105dowy program pomocy uczniom niepe\u0142nosprawnym w formie dofinansowania zakupu podr\u0119cznik\u00f3w, materia\u0142\u00f3w edukacyjnych i materia\u0142\u00f3w \u0107wiczeniowych w latach 2023-2025<\/strong><\/p>\n\n\n\n<ul class=\"wp-block-list\">\n<li>Informacja o programie <a href=\"https:\/\/sybiracy.edu.pl\/wp-content\/uploads\/2024\/06\/Informacja-dla-rodzicow-2024-1.doc\">Pobierz<\/a><\/li>\n\n\n\n<li>Wniosek do Dyrektora Szko\u0142y (2024\/2025) <a href=\"https:\/\/sybiracy.edu.pl\/wp-content\/uploads\/2024\/06\/Wniosek-2024.doc\">Pobierz<\/a><\/li>\n\n\n\n<li>O\u015bwiadczenie rodzica <a href=\"https:\/\/sybiracy.edu.pl\/wp-content\/uploads\/2024\/06\/Oswiadczenie-rodzica.doc\">Pobierz<\/a><\/li>\n<\/ul>\n\n\n\n<p><\/p>\n","protected":false},"excerpt":{"rendered":"<p>Kwestionariusz Pobierz Karta aktywno\u015bci strzelca Pobierz Karta obiegowa rezygnacja Pobierz Karta obiegowa uko\u0144czenia szko\u0142y Pobierz O\u015bwiadczenie &#8211; ucz\u0119szczanie w lekcjach religii Pobierz Podanie o wydanie opinii Pobierz Rezygnacja z religii &#8211; ucze\u0144 niepe\u0142noletni Pobierz Rezygnacja z klasy mundurowej Pobierz Rezygnacja z religii &#8211; ucze\u0144 pe\u0142noletni Pobierz Rezygnacja z zaj\u0119\u0107 edukacja zdrowotna &#8211; ucze\u0144 niepe\u0142noletni Pobierz Wniosek o duplikat e-legitymacji Pobierz Wniosek o duplikat \u015bwiadectwa Pobierz Wniosek o zwolnienie z drugiego j\u0119zyka obcego Pobierz Wniosek o zwolnienie z lekcji wychowania fizycznego Pobierz Wniosek o dow\u00f3z Pobierz Zgoda na obj\u0119cie opiek\u0105 profilaktyczn\u0105 Pobierz Zwolnienie z lekcji wychowania do \u017cycia Pobierz Rz\u0105dowy program pomocy uczniom niepe\u0142nosprawnym w formie dofinansowania zakupu podr\u0119cznik\u00f3w, materia\u0142\u00f3w edukacyjnych i materia\u0142\u00f3w \u0107wiczeniowych w latach 2023-2025<\/p>\n","protected":false},"author":1,"featured_media":0,"parent":0,"menu_order":0,"comment_status":"closed","ping_status":"closed","template":"","meta":{"ngg_post_thumbnail":0,"footnotes":""},"class_list":["post-308","page","type-page","status-publish","hentry"],"_links":{"self":[{"href":"https:\/\/sybiracy.edu.pl\/index.php\/wp-json\/wp\/v2\/pages\/308","targetHints":{"allow":["GET"]}}],"collection":[{"href":"https:\/\/sybiracy.edu.pl\/index.php\/wp-json\/wp\/v2\/pages"}],"about":[{"href":"https:\/\/sybiracy.edu.pl\/index.php\/wp-json\/wp\/v2\/types\/page"}],"author":[{"embeddable":true,"href":"https:\/\/sybiracy.edu.pl\/index.php\/wp-json\/wp\/v2\/users\/1"}],"replies":[{"embeddable":true,"href":"https:\/\/sybiracy.edu.pl\/index.php\/wp-json\/wp\/v2\/comments?post=308"}],"version-history":[{"count":32,"href":"https:\/\/sybiracy.edu.pl\/index.php\/wp-json\/wp\/v2\/pages\/308\/revisions"}],"predecessor-version":[{"id":13438,"href":"https:\/\/sybiracy.edu.pl\/index.php\/wp-json\/wp\/v2\/pages\/308\/revisions\/13438"}],"wp:attachment":[{"href":"https:\/\/sybiracy.edu.pl\/index.php\/wp-json\/wp\/v2\/media?parent=308"}],"curies":[{"name":"wp","href":"https:\/\/api.w.org\/{rel}","templated":true}]}}