{"id":304,"date":"2021-09-16T08:15:18","date_gmt":"2021-09-16T06:15:18","guid":{"rendered":"https:\/\/zsnr2.webd.pro\/?page_id=304"},"modified":"2025-12-01T17:26:15","modified_gmt":"2025-12-01T16:26:15","slug":"rady-rodzicow","status":"publish","type":"page","link":"https:\/\/sybiracy.edu.pl\/index.php\/rady-rodzicow\/","title":{"rendered":"Rada Rodzic\u00f3w"},"content":{"rendered":"\n<p>Rada Rodzic\u00f3w przy Zespole Szk\u00f3\u0142 Nr 2 im. Sybirak\u00f3w w Nowym S\u0105czu<br>ul. Kr\u00f3lowej Jadwigi 29, 33-300 Nowy S\u0105cz<\/p>\n\n\n\n<p>PREZYDIUM RADY RODZIC\u00d3W<br>&#8211; przewodnicz\u0105ca Rady Rodzic\u00f3w \u2013 Natalia Semenowicz<br>&#8211; zast\u0119pca przewodnicz\u0105cego Rady Rodzic\u00f3w \u2013 Aleksander Kowal<br>&#8211; skarbnik Rady Rodzic\u00f3w \u2013 Justyna Ciepielowska<br>&#8211; Sekretarz &#8211; Sylwia Kowalik<\/p>\n\n\n\n<p>KOMISJA REWIZYJNA RADY RODZIC\u00d3W<br>&#8211; Sylwia Horowska<br>&#8211; Beata Cyco\u0144<br>&#8211; Renata Kolat<\/p>\n\n\n\n<p>Numer rachunku bankowego:<br>Bank Sp\u00f3\u0142dzielczy O\/Nowy S\u0105cz<br>nr konta: 40 88110006 0000 0048 2462 0001<\/p>\n","protected":false},"excerpt":{"rendered":"<p>Rada Rodzic\u00f3w przy Zespole Szk\u00f3\u0142 Nr 2 im. Sybirak\u00f3w w Nowym S\u0105czuul. Kr\u00f3lowej Jadwigi 29, 33-300 Nowy S\u0105cz PREZYDIUM RADY RODZIC\u00d3W&#8211; przewodnicz\u0105ca Rady Rodzic\u00f3w \u2013 Natalia Semenowicz&#8211; zast\u0119pca przewodnicz\u0105cego Rady Rodzic\u00f3w \u2013 Aleksander Kowal&#8211; skarbnik Rady Rodzic\u00f3w \u2013 Justyna Ciepielowska&#8211; Sekretarz &#8211; Sylwia Kowalik KOMISJA REWIZYJNA RADY RODZIC\u00d3W&#8211; Sylwia Horowska&#8211; Beata Cyco\u0144&#8211; Renata Kolat Numer rachunku bankowego:Bank Sp\u00f3\u0142dzielczy O\/Nowy S\u0105cznr konta: 40 88110006 0000 0048 2462 0001<\/p>\n","protected":false},"author":1,"featured_media":0,"parent":0,"menu_order":0,"comment_status":"closed","ping_status":"closed","template":"","meta":{"ngg_post_thumbnail":0,"footnotes":""},"class_list":["post-304","page","type-page","status-publish","hentry"],"_links":{"self":[{"href":"https:\/\/sybiracy.edu.pl\/index.php\/wp-json\/wp\/v2\/pages\/304","targetHints":{"allow":["GET"]}}],"collection":[{"href":"https:\/\/sybiracy.edu.pl\/index.php\/wp-json\/wp\/v2\/pages"}],"about":[{"href":"https:\/\/sybiracy.edu.pl\/index.php\/wp-json\/wp\/v2\/types\/page"}],"author":[{"embeddable":true,"href":"https:\/\/sybiracy.edu.pl\/index.php\/wp-json\/wp\/v2\/users\/1"}],"replies":[{"embeddable":true,"href":"https:\/\/sybiracy.edu.pl\/index.php\/wp-json\/wp\/v2\/comments?post=304"}],"version-history":[{"count":9,"href":"https:\/\/sybiracy.edu.pl\/index.php\/wp-json\/wp\/v2\/pages\/304\/revisions"}],"predecessor-version":[{"id":12532,"href":"https:\/\/sybiracy.edu.pl\/index.php\/wp-json\/wp\/v2\/pages\/304\/revisions\/12532"}],"wp:attachment":[{"href":"https:\/\/sybiracy.edu.pl\/index.php\/wp-json\/wp\/v2\/media?parent=304"}],"curies":[{"name":"wp","href":"https:\/\/api.w.org\/{rel}","templated":true}]}}