{"id":2373,"date":"2022-04-08T11:37:16","date_gmt":"2022-04-08T09:37:16","guid":{"rendered":"https:\/\/sybiracy.edu.pl\/?page_id=2373"},"modified":"2026-03-05T13:50:31","modified_gmt":"2026-03-05T12:50:31","slug":"samorzad","status":"publish","type":"page","link":"https:\/\/sybiracy.edu.pl\/index.php\/samorzad\/","title":{"rendered":"Samorz\u0105d szkolny"},"content":{"rendered":"\n<div class=\"wp-block-columns is-layout-flex wp-container-core-columns-is-layout-28f84493 wp-block-columns-is-layout-flex\">\n<div class=\"wp-block-column is-layout-flow wp-block-column-is-layout-flow\">\n<p class=\"has-text-align-center\"><strong>Przewodnicz\u0105cy<\/strong> <strong>SU<\/strong><br>Jakub Toczek, kl. 3 d<\/p>\n\n\n<div class=\"wp-block-image\">\n<figure class=\"aligncenter size-large is-resized\"><img fetchpriority=\"high\" decoding=\"async\" width=\"682\" height=\"1024\" src=\"https:\/\/sybiracy.edu.pl\/wp-content\/uploads\/2026\/02\/Jakub-Toczek-kl.-3-d-682x1024.jpeg\" alt=\"\" class=\"wp-image-13029\" style=\"width:156px;height:auto\" srcset=\"https:\/\/sybiracy.edu.pl\/wp-content\/uploads\/2026\/02\/Jakub-Toczek-kl.-3-d-682x1024.jpeg 682w, https:\/\/sybiracy.edu.pl\/wp-content\/uploads\/2026\/02\/Jakub-Toczek-kl.-3-d-200x300.jpeg 200w, https:\/\/sybiracy.edu.pl\/wp-content\/uploads\/2026\/02\/Jakub-Toczek-kl.-3-d-768x1153.jpeg 768w, https:\/\/sybiracy.edu.pl\/wp-content\/uploads\/2026\/02\/Jakub-Toczek-kl.-3-d-1023x1536.jpeg 1023w, https:\/\/sybiracy.edu.pl\/wp-content\/uploads\/2026\/02\/Jakub-Toczek-kl.-3-d.jpeg 1066w\" sizes=\"(max-width: 682px) 100vw, 682px\" \/><\/figure>\n<\/div><\/div>\n\n\n\n<div class=\"wp-block-column is-layout-flow wp-block-column-is-layout-flow\">\n<p class=\"has-text-align-center\"><strong>Zast\u0119pca Przewodnicz\u0105cego SU<\/strong><br>Lena Ciepielowska, kl. 2 d<\/p>\n\n\n<div class=\"wp-block-image\">\n<figure class=\"aligncenter size-full is-resized\"><img decoding=\"async\" width=\"1080\" height=\"1920\" src=\"https:\/\/sybiracy.edu.pl\/wp-content\/uploads\/2026\/02\/Lena-Ciepielowska-kl.-2-d.jpg\" alt=\"\" class=\"wp-image-13028\" style=\"aspect-ratio:0.5625177204423022;width:129px;height:auto\" srcset=\"https:\/\/sybiracy.edu.pl\/wp-content\/uploads\/2026\/02\/Lena-Ciepielowska-kl.-2-d.jpg 1080w, https:\/\/sybiracy.edu.pl\/wp-content\/uploads\/2026\/02\/Lena-Ciepielowska-kl.-2-d-169x300.jpg 169w, https:\/\/sybiracy.edu.pl\/wp-content\/uploads\/2026\/02\/Lena-Ciepielowska-kl.-2-d-576x1024.jpg 576w, https:\/\/sybiracy.edu.pl\/wp-content\/uploads\/2026\/02\/Lena-Ciepielowska-kl.-2-d-768x1365.jpg 768w, https:\/\/sybiracy.edu.pl\/wp-content\/uploads\/2026\/02\/Lena-Ciepielowska-kl.-2-d-864x1536.jpg 864w\" sizes=\"(max-width: 1080px) 100vw, 1080px\" \/><\/figure>\n<\/div><\/div>\n\n\n\n<div class=\"wp-block-column is-layout-flow wp-block-column-is-layout-flow\">\n<p class=\"has-text-align-center\"><strong>Zast\u0119pca Przewodnicz\u0105cego SU<\/strong><br>Weronika Szota, kl. 3 h<\/p>\n\n\n<div class=\"wp-block-image\">\n<figure class=\"aligncenter size-full is-resized\"><img decoding=\"async\" width=\"1080\" height=\"1920\" src=\"https:\/\/sybiracy.edu.pl\/wp-content\/uploads\/2026\/02\/Weronika-Szota-kl.-3-h.png\" alt=\"\" class=\"wp-image-13027\" style=\"aspect-ratio:0.5625137332454405;width:127px;height:auto\" srcset=\"https:\/\/sybiracy.edu.pl\/wp-content\/uploads\/2026\/02\/Weronika-Szota-kl.-3-h.png 1080w, https:\/\/sybiracy.edu.pl\/wp-content\/uploads\/2026\/02\/Weronika-Szota-kl.-3-h-169x300.png 169w, https:\/\/sybiracy.edu.pl\/wp-content\/uploads\/2026\/02\/Weronika-Szota-kl.-3-h-576x1024.png 576w, https:\/\/sybiracy.edu.pl\/wp-content\/uploads\/2026\/02\/Weronika-Szota-kl.-3-h-768x1365.png 768w, https:\/\/sybiracy.edu.pl\/wp-content\/uploads\/2026\/02\/Weronika-Szota-kl.-3-h-864x1536.png 864w\" sizes=\"(max-width: 1080px) 100vw, 1080px\" \/><\/figure>\n<\/div><\/div>\n<\/div>\n\n\n\n<div class=\"wp-block-columns is-layout-flex wp-container-core-columns-is-layout-28f84493 wp-block-columns-is-layout-flex\">\n<div class=\"wp-block-column is-vertically-aligned-top is-layout-flow wp-block-column-is-layout-flow\">\n<p class=\"has-text-align-center\"><\/p>\n<\/div>\n<\/div>\n\n\n\n<div class=\"wp-block-columns is-layout-flex wp-container-core-columns-is-layout-28f84493 wp-block-columns-is-layout-flex\">\n<div class=\"wp-block-column is-layout-flow wp-block-column-is-layout-flow\">\n<p class=\"has-text-align-center\"><strong>Sekretarz<\/strong> <strong>SU<\/strong><br>Patrycja Lupa, kl. 1 h<\/p>\n\n\n<div class=\"wp-block-image\">\n<figure class=\"aligncenter size-full is-resized\"><img loading=\"lazy\" decoding=\"async\" width=\"1080\" height=\"1920\" src=\"https:\/\/sybiracy.edu.pl\/wp-content\/uploads\/2026\/02\/Patrycja-Lupa-kl.-1-h.jpg\" alt=\"\" class=\"wp-image-13026\" style=\"aspect-ratio:0.5625249700359568;width:130px;height:auto\" srcset=\"https:\/\/sybiracy.edu.pl\/wp-content\/uploads\/2026\/02\/Patrycja-Lupa-kl.-1-h.jpg 1080w, https:\/\/sybiracy.edu.pl\/wp-content\/uploads\/2026\/02\/Patrycja-Lupa-kl.-1-h-169x300.jpg 169w, https:\/\/sybiracy.edu.pl\/wp-content\/uploads\/2026\/02\/Patrycja-Lupa-kl.-1-h-576x1024.jpg 576w, https:\/\/sybiracy.edu.pl\/wp-content\/uploads\/2026\/02\/Patrycja-Lupa-kl.-1-h-768x1365.jpg 768w, https:\/\/sybiracy.edu.pl\/wp-content\/uploads\/2026\/02\/Patrycja-Lupa-kl.-1-h-864x1536.jpg 864w\" sizes=\"(max-width: 1080px) 100vw, 1080px\" \/><\/figure>\n<\/div><\/div>\n\n\n\n<div class=\"wp-block-column is-layout-flow wp-block-column-is-layout-flow\">\n<p class=\"has-text-align-center\"><strong>Cz\u0142onek samorz\u0105du<\/strong><br>Nikola Stawiarska, kl. 2 d <\/p>\n\n\n<div class=\"wp-block-image\">\n<figure class=\"aligncenter size-full is-resized\"><img loading=\"lazy\" decoding=\"async\" width=\"1536\" height=\"2048\" src=\"https:\/\/sybiracy.edu.pl\/wp-content\/uploads\/2026\/02\/Nikola-Stawiarska-kl.2-d.jpg\" alt=\"\" class=\"wp-image-13025\" style=\"aspect-ratio:0.5625177204423022;width:129px;height:auto\" srcset=\"https:\/\/sybiracy.edu.pl\/wp-content\/uploads\/2026\/02\/Nikola-Stawiarska-kl.2-d.jpg 1536w, https:\/\/sybiracy.edu.pl\/wp-content\/uploads\/2026\/02\/Nikola-Stawiarska-kl.2-d-225x300.jpg 225w, https:\/\/sybiracy.edu.pl\/wp-content\/uploads\/2026\/02\/Nikola-Stawiarska-kl.2-d-768x1024.jpg 768w, https:\/\/sybiracy.edu.pl\/wp-content\/uploads\/2026\/02\/Nikola-Stawiarska-kl.2-d-1152x1536.jpg 1152w, https:\/\/sybiracy.edu.pl\/wp-content\/uploads\/2026\/02\/Nikola-Stawiarska-kl.2-d-1140x1520.jpg 1140w\" sizes=\"(max-width: 1536px) 100vw, 1536px\" \/><\/figure>\n<\/div><\/div>\n\n\n\n<div class=\"wp-block-column is-layout-flow wp-block-column-is-layout-flow\">\n<p class=\"has-text-align-center\">C<strong>z\u0142onek Samorz\u0105du<\/strong> <br>Adam Buczek, kl. 3 h<\/p>\n\n\n<div class=\"wp-block-image\">\n<figure class=\"aligncenter size-full is-resized\"><img loading=\"lazy\" decoding=\"async\" width=\"1024\" height=\"1536\" src=\"https:\/\/sybiracy.edu.pl\/wp-content\/uploads\/2026\/02\/Adam-Buczek-kl.-3-h.png\" alt=\"\" class=\"wp-image-13024\" style=\"aspect-ratio:0.5625137332454405;width:127px;height:auto\" srcset=\"https:\/\/sybiracy.edu.pl\/wp-content\/uploads\/2026\/02\/Adam-Buczek-kl.-3-h.png 1024w, https:\/\/sybiracy.edu.pl\/wp-content\/uploads\/2026\/02\/Adam-Buczek-kl.-3-h-200x300.png 200w, https:\/\/sybiracy.edu.pl\/wp-content\/uploads\/2026\/02\/Adam-Buczek-kl.-3-h-683x1024.png 683w, https:\/\/sybiracy.edu.pl\/wp-content\/uploads\/2026\/02\/Adam-Buczek-kl.-3-h-768x1152.png 768w\" sizes=\"(max-width: 1024px) 100vw, 1024px\" \/><\/figure>\n<\/div><\/div>\n<\/div>\n\n\n\n<p class=\"has-text-align-center\"><strong>Pozostali cz\u0142onkowie samorz\u0105du<\/strong><\/p>\n\n\n\n<div class=\"wp-block-columns is-layout-flex wp-container-core-columns-is-layout-28f84493 wp-block-columns-is-layout-flex\">\n<div class=\"wp-block-column is-layout-flow wp-block-column-is-layout-flow\">\n<p><strong>Sekcja pomocnicza:<\/strong><\/p>\n\n\n\n<p>1. Weronika Noga, 3 c<br>2. Anna Haluch 3g,<br>3. Ewelina G\u00f3rszczyk, 3h<br>4. Artur K\u0119dzierski, 3d<br>5. Oliwier Pieni\u0105\u017cek, 3d<br>6. Kacper Janur, 2d<br>7. Nikola Stawiarska, 2d<br>8. Wiktoria Fraczek, 1f<br>9. Katarzyna G\u00f3recka, 1f<\/p>\n\n\n\n<p><strong>Sekcja Radiow\u0119z\u0142a:<\/strong> <br>&#8211;<br><\/p>\n\n\n\n<p><strong>Opiekunowie:<\/strong><br>Monika Klimczak &#8211; nauczyciel j. niemieckiego<br>Maria Michalik &#8211; nauczyciel matematyki<br>Maria Sowa\u00a0\u2013 bibliotekarz<\/p>\n<\/div>\n<\/div>\n\n\n\n<p><\/p>\n","protected":false},"excerpt":{"rendered":"<p>Przewodnicz\u0105cy SUJakub Toczek, kl. 3 d Zast\u0119pca Przewodnicz\u0105cego SULena Ciepielowska, kl. 2 d Zast\u0119pca Przewodnicz\u0105cego SUWeronika Szota, kl. 3 h Sekretarz SUPatrycja Lupa, kl. 1 h Cz\u0142onek samorz\u0105duNikola Stawiarska, kl. 2 d Cz\u0142onek Samorz\u0105du Adam Buczek, kl. 3 h Pozostali cz\u0142onkowie samorz\u0105du Sekcja pomocnicza: 1. Weronika Noga, 3 c2. Anna Haluch 3g,3. Ewelina G\u00f3rszczyk, 3h4. Artur K\u0119dzierski, 3d5. Oliwier Pieni\u0105\u017cek, 3d6. Kacper Janur, 2d7. Nikola Stawiarska, 2d8. Wiktoria Fraczek, 1f9. Katarzyna G\u00f3recka, 1f Sekcja Radiow\u0119z\u0142a: &#8211; Opiekunowie:Monika Klimczak &#8211; nauczyciel j. niemieckiegoMaria Michalik &#8211; nauczyciel matematykiMaria Sowa\u00a0\u2013 bibliotekarz<\/p>\n","protected":false},"author":2,"featured_media":0,"parent":0,"menu_order":0,"comment_status":"closed","ping_status":"closed","template":"","meta":{"ngg_post_thumbnail":0,"footnotes":""},"class_list":["post-2373","page","type-page","status-publish","hentry"],"_links":{"self":[{"href":"https:\/\/sybiracy.edu.pl\/index.php\/wp-json\/wp\/v2\/pages\/2373","targetHints":{"allow":["GET"]}}],"collection":[{"href":"https:\/\/sybiracy.edu.pl\/index.php\/wp-json\/wp\/v2\/pages"}],"about":[{"href":"https:\/\/sybiracy.edu.pl\/index.php\/wp-json\/wp\/v2\/types\/page"}],"author":[{"embeddable":true,"href":"https:\/\/sybiracy.edu.pl\/index.php\/wp-json\/wp\/v2\/users\/2"}],"replies":[{"embeddable":true,"href":"https:\/\/sybiracy.edu.pl\/index.php\/wp-json\/wp\/v2\/comments?post=2373"}],"version-history":[{"count":37,"href":"https:\/\/sybiracy.edu.pl\/index.php\/wp-json\/wp\/v2\/pages\/2373\/revisions"}],"predecessor-version":[{"id":13098,"href":"https:\/\/sybiracy.edu.pl\/index.php\/wp-json\/wp\/v2\/pages\/2373\/revisions\/13098"}],"wp:attachment":[{"href":"https:\/\/sybiracy.edu.pl\/index.php\/wp-json\/wp\/v2\/media?parent=2373"}],"curies":[{"name":"wp","href":"https:\/\/api.w.org\/{rel}","templated":true}]}}