{"id":12888,"date":"2026-01-22T18:17:28","date_gmt":"2026-01-22T17:17:28","guid":{"rendered":"https:\/\/sybiracy.edu.pl\/?page_id=12888"},"modified":"2026-01-22T18:17:28","modified_gmt":"2026-01-22T17:17:28","slug":"2026-2","status":"publish","type":"page","link":"https:\/\/sybiracy.edu.pl\/index.php\/2026-2\/","title":{"rendered":"2026"},"content":{"rendered":"\n<h3 class=\"wp-block-heading\">Spotkanie op\u0142atkowe Stowarzyszenia Pami\u0119ci Zes\u0142anych na Sybir w Nowym S\u0105czu<\/h3>\n\n\n\n<p>10 stycznia 2026 r. <\/p>\n\n\n\n<p>W dniu 10 stycznia 2026r., jak co roku, odby\u0142o si\u0119 spotkanie op\u0142atkowe Stowarzyszenia Pami\u0119ci Zes\u0142anych na Sybir. Uroczysto\u015b\u0107 zgromadzi\u0142a cz\u0142onk\u00f3w Stowarzyszenia oraz zaproszonych go\u015bci. Spotkanie rozpocz\u0119to wsp\u00f3ln\u0105 modlitw\u0105, kt\u00f3r\u0105 poprowadzi\u0142 ksi\u0105dz Pawe\u0142 Przyby\u0142o, ucz\u0105cy religii w Zespole Szk\u00f3\u0142 Nr 2 im. Sybirak\u00f3w. Nast\u0119pnie uczestnicy wsp\u00f3lnie \u015bpiewali kol\u0119dy, podtrzymuj\u0105c tradycj\u0119 bo\u017conarodzeniowych spotka\u0144 i tworz\u0105c atmosfer\u0119 jedno\u015bci oraz refleksji.<br>Szczeg\u00f3lnym momentem wydarzenia by\u0142o uczczenie 80.urodzin Prezesa Zwi\u0105zku Sybirak\u00f3w, Pana Kazimierza Korczy\u0144skiego. Jubilatowi z\u0142o\u017cono serdeczne \u017cyczenia, dzi\u0119kuj\u0105c za wieloletni\u0105 dzia\u0142alno\u015b\u0107, zaanga\u017cowanie oraz trosk\u0119 o piel\u0119gnowanie pami\u0119ci o losach zes\u0142a\u0144c\u00f3w na Sybir. Spotkanie przebieg\u0142o w ciep\u0142ej i podnios\u0142ej atmosferze, sprzyjaj\u0105cej wspomnieniom i wzajemnej \u017cyczliwo\u015bci.<\/p>\n\n\n\n<figure class=\"wp-block-gallery has-nested-images columns-default is-cropped wp-block-gallery-1 is-layout-flex wp-block-gallery-is-layout-flex\">\n<figure class=\"wp-block-image size-large\"><a href=\"https:\/\/sybiracy.edu.pl\/wp-content\/uploads\/2026\/01\/2-1-scaled.jpg\" data-rel=\"lightbox-gallery-AnuihPU4\" data-rl_title=\"\" data-rl_caption=\"\" title=\"\"><img fetchpriority=\"high\" decoding=\"async\" width=\"1024\" height=\"863\" data-id=\"12893\" src=\"https:\/\/sybiracy.edu.pl\/wp-content\/uploads\/2026\/01\/2-1-1024x863.jpg\" alt=\"\" class=\"wp-image-12893\" srcset=\"https:\/\/sybiracy.edu.pl\/wp-content\/uploads\/2026\/01\/2-1-1024x863.jpg 1024w, https:\/\/sybiracy.edu.pl\/wp-content\/uploads\/2026\/01\/2-1-300x253.jpg 300w, https:\/\/sybiracy.edu.pl\/wp-content\/uploads\/2026\/01\/2-1-768x647.jpg 768w, https:\/\/sybiracy.edu.pl\/wp-content\/uploads\/2026\/01\/2-1-1536x1294.jpg 1536w, https:\/\/sybiracy.edu.pl\/wp-content\/uploads\/2026\/01\/2-1-2048x1726.jpg 2048w, https:\/\/sybiracy.edu.pl\/wp-content\/uploads\/2026\/01\/2-1-1140x961.jpg 1140w\" sizes=\"(max-width: 1024px) 100vw, 1024px\" \/><\/a><\/figure>\n\n\n\n<figure class=\"wp-block-image size-large\"><a href=\"https:\/\/sybiracy.edu.pl\/wp-content\/uploads\/2026\/01\/1-scaled-e1769101709113.jpg\" data-rel=\"lightbox-gallery-AnuihPU4\" data-rl_title=\"\" data-rl_caption=\"\" title=\"\"><img decoding=\"async\" width=\"768\" height=\"1024\" data-id=\"12892\" src=\"https:\/\/sybiracy.edu.pl\/wp-content\/uploads\/2026\/01\/1-scaled-e1769101709113-768x1024.jpg\" alt=\"\" class=\"wp-image-12892\" srcset=\"https:\/\/sybiracy.edu.pl\/wp-content\/uploads\/2026\/01\/1-scaled-e1769101709113-768x1024.jpg 768w, https:\/\/sybiracy.edu.pl\/wp-content\/uploads\/2026\/01\/1-scaled-e1769101709113-225x300.jpg 225w, https:\/\/sybiracy.edu.pl\/wp-content\/uploads\/2026\/01\/1-scaled-e1769101709113-1152x1536.jpg 1152w, https:\/\/sybiracy.edu.pl\/wp-content\/uploads\/2026\/01\/1-scaled-e1769101709113-1536x2048.jpg 1536w, https:\/\/sybiracy.edu.pl\/wp-content\/uploads\/2026\/01\/1-scaled-e1769101709113-1140x1520.jpg 1140w, https:\/\/sybiracy.edu.pl\/wp-content\/uploads\/2026\/01\/1-scaled-e1769101709113.jpg 1920w\" sizes=\"(max-width: 768px) 100vw, 768px\" \/><\/a><\/figure>\n\n\n\n<figure class=\"wp-block-image size-large\"><a href=\"https:\/\/sybiracy.edu.pl\/wp-content\/uploads\/2026\/01\/3-2-scaled.jpg\" data-rel=\"lightbox-gallery-AnuihPU4\" data-rl_title=\"\" data-rl_caption=\"\" title=\"\"><img decoding=\"async\" width=\"1024\" height=\"885\" data-id=\"12891\" src=\"https:\/\/sybiracy.edu.pl\/wp-content\/uploads\/2026\/01\/3-2-1024x885.jpg\" alt=\"\" class=\"wp-image-12891\" srcset=\"https:\/\/sybiracy.edu.pl\/wp-content\/uploads\/2026\/01\/3-2-1024x885.jpg 1024w, https:\/\/sybiracy.edu.pl\/wp-content\/uploads\/2026\/01\/3-2-300x259.jpg 300w, https:\/\/sybiracy.edu.pl\/wp-content\/uploads\/2026\/01\/3-2-768x664.jpg 768w, https:\/\/sybiracy.edu.pl\/wp-content\/uploads\/2026\/01\/3-2-1536x1328.jpg 1536w, https:\/\/sybiracy.edu.pl\/wp-content\/uploads\/2026\/01\/3-2-2048x1771.jpg 2048w, https:\/\/sybiracy.edu.pl\/wp-content\/uploads\/2026\/01\/3-2-1140x986.jpg 1140w\" sizes=\"(max-width: 1024px) 100vw, 1024px\" \/><\/a><\/figure>\n\n\n\n<figure class=\"wp-block-image size-large\"><a href=\"https:\/\/sybiracy.edu.pl\/wp-content\/uploads\/2026\/01\/5-2-scaled.jpg\" data-rel=\"lightbox-gallery-AnuihPU4\" data-rl_title=\"\" data-rl_caption=\"\" title=\"\"><img loading=\"lazy\" decoding=\"async\" width=\"1024\" height=\"883\" data-id=\"12890\" src=\"https:\/\/sybiracy.edu.pl\/wp-content\/uploads\/2026\/01\/5-2-1024x883.jpg\" alt=\"\" class=\"wp-image-12890\" srcset=\"https:\/\/sybiracy.edu.pl\/wp-content\/uploads\/2026\/01\/5-2-1024x883.jpg 1024w, https:\/\/sybiracy.edu.pl\/wp-content\/uploads\/2026\/01\/5-2-300x259.jpg 300w, https:\/\/sybiracy.edu.pl\/wp-content\/uploads\/2026\/01\/5-2-768x662.jpg 768w, https:\/\/sybiracy.edu.pl\/wp-content\/uploads\/2026\/01\/5-2-1536x1324.jpg 1536w, https:\/\/sybiracy.edu.pl\/wp-content\/uploads\/2026\/01\/5-2-2048x1766.jpg 2048w, https:\/\/sybiracy.edu.pl\/wp-content\/uploads\/2026\/01\/5-2-1140x983.jpg 1140w\" sizes=\"(max-width: 1024px) 100vw, 1024px\" \/><\/a><\/figure>\n\n\n\n<figure class=\"wp-block-image size-large\"><a href=\"https:\/\/sybiracy.edu.pl\/wp-content\/uploads\/2026\/01\/4-2-scaled-e1769101959661.jpg\" data-rel=\"lightbox-gallery-AnuihPU4\" data-rl_title=\"\" data-rl_caption=\"\" title=\"\"><img loading=\"lazy\" decoding=\"async\" width=\"768\" height=\"1024\" data-id=\"12889\" src=\"https:\/\/sybiracy.edu.pl\/wp-content\/uploads\/2026\/01\/4-2-scaled-e1769101959661-768x1024.jpg\" alt=\"\" class=\"wp-image-12889\" srcset=\"https:\/\/sybiracy.edu.pl\/wp-content\/uploads\/2026\/01\/4-2-scaled-e1769101959661-768x1024.jpg 768w, https:\/\/sybiracy.edu.pl\/wp-content\/uploads\/2026\/01\/4-2-scaled-e1769101959661-225x300.jpg 225w, https:\/\/sybiracy.edu.pl\/wp-content\/uploads\/2026\/01\/4-2-scaled-e1769101959661-1152x1536.jpg 1152w, https:\/\/sybiracy.edu.pl\/wp-content\/uploads\/2026\/01\/4-2-scaled-e1769101959661-1536x2048.jpg 1536w, https:\/\/sybiracy.edu.pl\/wp-content\/uploads\/2026\/01\/4-2-scaled-e1769101959661-1140x1520.jpg 1140w, https:\/\/sybiracy.edu.pl\/wp-content\/uploads\/2026\/01\/4-2-scaled-e1769101959661.jpg 1920w\" sizes=\"(max-width: 768px) 100vw, 768px\" \/><\/a><\/figure>\n<\/figure>\n","protected":false},"excerpt":{"rendered":"<p>Spotkanie op\u0142atkowe Stowarzyszenia Pami\u0119ci Zes\u0142anych na Sybir w Nowym S\u0105czu 10 stycznia 2026 r. W dniu 10 stycznia 2026r., jak co roku, odby\u0142o si\u0119 spotkanie op\u0142atkowe Stowarzyszenia Pami\u0119ci Zes\u0142anych na Sybir. Uroczysto\u015b\u0107 zgromadzi\u0142a cz\u0142onk\u00f3w Stowarzyszenia oraz zaproszonych go\u015bci. Spotkanie rozpocz\u0119to wsp\u00f3ln\u0105 modlitw\u0105, kt\u00f3r\u0105 poprowadzi\u0142 ksi\u0105dz Pawe\u0142 Przyby\u0142o, ucz\u0105cy religii w Zespole Szk\u00f3\u0142 Nr 2 im. Sybirak\u00f3w. Nast\u0119pnie uczestnicy wsp\u00f3lnie \u015bpiewali kol\u0119dy, podtrzymuj\u0105c tradycj\u0119 bo\u017conarodzeniowych spotka\u0144 i tworz\u0105c atmosfer\u0119 jedno\u015bci oraz refleksji.Szczeg\u00f3lnym momentem wydarzenia by\u0142o uczczenie 80.urodzin Prezesa Zwi\u0105zku Sybirak\u00f3w, Pana Kazimierza Korczy\u0144skiego. Jubilatowi z\u0142o\u017cono serdeczne \u017cyczenia, dzi\u0119kuj\u0105c za wieloletni\u0105 dzia\u0142alno\u015b\u0107, zaanga\u017cowanie oraz trosk\u0119 o piel\u0119gnowanie pami\u0119ci o losach zes\u0142a\u0144c\u00f3w na Sybir. Spotkanie przebieg\u0142o w ciep\u0142ej i podnios\u0142ej atmosferze, sprzyjaj\u0105cej wspomnieniom i wzajemnej \u017cyczliwo\u015bci.<\/p>\n","protected":false},"author":2,"featured_media":0,"parent":0,"menu_order":0,"comment_status":"closed","ping_status":"closed","template":"","meta":{"ngg_post_thumbnail":0,"footnotes":""},"class_list":["post-12888","page","type-page","status-publish","hentry"],"_links":{"self":[{"href":"https:\/\/sybiracy.edu.pl\/index.php\/wp-json\/wp\/v2\/pages\/12888","targetHints":{"allow":["GET"]}}],"collection":[{"href":"https:\/\/sybiracy.edu.pl\/index.php\/wp-json\/wp\/v2\/pages"}],"about":[{"href":"https:\/\/sybiracy.edu.pl\/index.php\/wp-json\/wp\/v2\/types\/page"}],"author":[{"embeddable":true,"href":"https:\/\/sybiracy.edu.pl\/index.php\/wp-json\/wp\/v2\/users\/2"}],"replies":[{"embeddable":true,"href":"https:\/\/sybiracy.edu.pl\/index.php\/wp-json\/wp\/v2\/comments?post=12888"}],"version-history":[{"count":1,"href":"https:\/\/sybiracy.edu.pl\/index.php\/wp-json\/wp\/v2\/pages\/12888\/revisions"}],"predecessor-version":[{"id":12894,"href":"https:\/\/sybiracy.edu.pl\/index.php\/wp-json\/wp\/v2\/pages\/12888\/revisions\/12894"}],"wp:attachment":[{"href":"https:\/\/sybiracy.edu.pl\/index.php\/wp-json\/wp\/v2\/media?parent=12888"}],"curies":[{"name":"wp","href":"https:\/\/api.w.org\/{rel}","templated":true}]}}