{"id":126,"date":"2021-09-10T15:31:37","date_gmt":"2021-09-10T13:31:37","guid":{"rendered":"https:\/\/zsnr2.webd.pro\/?page_id=126"},"modified":"2026-02-21T18:48:07","modified_gmt":"2026-02-21T17:48:07","slug":"szkola-branzowa","status":"publish","type":"page","link":"https:\/\/sybiracy.edu.pl\/index.php\/szkola-branzowa\/","title":{"rendered":"Szko\u0142a Bran\u017cowa"},"content":{"rendered":"\n<figure class=\"wp-block-image size-full\"><img fetchpriority=\"high\" decoding=\"async\" width=\"1024\" height=\"576\" src=\"https:\/\/sybiracy.edu.pl\/wp-content\/uploads\/2021\/09\/zawodowa_goto-1024x576-1.jpg\" alt=\"\" class=\"wp-image-586\" srcset=\"https:\/\/sybiracy.edu.pl\/wp-content\/uploads\/2021\/09\/zawodowa_goto-1024x576-1.jpg 1024w, https:\/\/sybiracy.edu.pl\/wp-content\/uploads\/2021\/09\/zawodowa_goto-1024x576-1-300x169.jpg 300w, https:\/\/sybiracy.edu.pl\/wp-content\/uploads\/2021\/09\/zawodowa_goto-1024x576-1-768x432.jpg 768w\" sizes=\"(max-width: 1024px) 100vw, 1024px\" \/><\/figure>\n\n\n\n<h2 class=\"wp-block-heading has-text-align-left has-vivid-red-color has-text-color\">Bran\u017cowe Oddzia\u0142y Wojskowe<\/h2>\n\n\n\n<p>Bran\u017cowe Oddzia\u0142y Wojskowe (BOW) to pilota\u017cowy projekt Ministerstwa Obrony Narodowej skierowany do absolwent\u00f3w szk\u00f3\u0142 podstawowych chc\u0105cych w praktyczny spos\u00f3b uczy\u0107 si\u0119 zawodu, r\u00f3wnocze\u015bnie realizuj\u0105c program szkolenia wojskowego. W si\u0142ach zbrojnych zapotrzebowanie na fachowc\u00f3w takich jak: kucharze, mechanicy, elektromechanicy, blacharze czy lakiernicy samochodowi jest bardzo du\u017ce.<br>W ten spos\u00f3b resort obrony narodowej chcia\u0142by przygotowa\u0107 kandydat\u00f3w na \u017co\u0142nierzy w obszarze szeroko rozumianej logistyki wojskowej.<br>Program szkolenia dla BOW b\u0119dzie realizowany przez 3 lata szkolne. Ucze\u0144 posiada status m\u0142odocianego pracownika. W klasie pierwszej zaj\u0119cia w szkole odbywaj\u0105 si\u0119 3 dni w tygodniu, a pozosta\u0142e dniu u pracodawcy, natomiast w klasie 2 i 3 zaj\u0119cia w szkole odbywaj\u0105 si\u0119 w dwa dni w tygodniu, a trzy dniu u pracodawcy. Obejmie on zwyk\u0142e zaj\u0119cia edukacyjnych w szkole, zaj\u0119cia u pracodawcy, a tak\u017ce zaj\u0119cia o tematyce wojskowej z czego zdecydowana wi\u0119kszo\u015b\u0107 to zaj\u0119cia praktyczne, kt\u00f3re realizowane b\u0119d\u0105 w wyznaczonej przez MON patronackiej jednostce wojskowej. Opr\u00f3cz szkolenia logistycznego uczniowie zdob\u0119d\u0105 tak\u017ce podstawow\u0105 wiedz\u0119 ze szkolenia bojowego i podstaw wychowania wojskowego.<\/p>\n\n\n\n<p>Uczniowie, kt\u00f3rzy uko\u0144czyli bran\u017cowy oddzia\u0142 wojskowy uzyskaj\u0105 odpowiedni certyfikat i b\u0119d\u0105 mogli skorzysta\u0107 ze skr\u00f3conej wojskowej s\u0142u\u017cby podstawowej. Uko\u0144czenie tego typu szko\u0142y daje mo\u017cliwo\u015b\u0107 pracy w cywilu jak i w wojsku. Dlatego zapraszamy wszystkich ch\u0119tnych zar\u00f3wno tych chc\u0105cych zwi\u0105za\u0107 swoje \u017cycie zawodowe z wojskiem, jak i tych kt\u00f3rzy chc\u0105 tylko uzyska\u0107 odpowiednie przeszkolenie wojskowe.<\/p>\n\n\n\n<p><strong>Zawody w Bran\u017cowym Oddziale Wojskowym:<\/strong><\/p>\n\n\n\n<ul class=\"wp-block-list\">\n<li>Mechanik pojazd\u00f3w samochodowych<\/li>\n\n\n\n<li>Elektromechanik pojazd\u00f3w samochodowych<\/li>\n\n\n\n<li>Kucharz<\/li>\n\n\n\n<li>Piekarz<\/li>\n\n\n\n<li>Elektryk<\/li>\n\n\n\n<li>Elektromechanik<\/li>\n\n\n\n<li>Magazynier logistyk<\/li>\n\n\n\n<li>Blacharz<\/li>\n\n\n\n<li>Lakiernik samochodowy<\/li>\n\n\n\n<li>Stolarz<\/li>\n<\/ul>\n\n\n\n<h2 class=\"wp-block-heading has-vivid-red-color has-text-color has-link-color wp-elements-9661c923f287409a15f01b68b146a4a7\">Klasa wielozawodowa<\/h2>\n\n\n\n<p>Kszta\u0142cimy w wielu zawodach.<\/p>\n\n\n\n<ul class=\"wp-block-list\">\n<li>Sprzedawca, <\/li>\n\n\n\n<li>Fryzjer, <\/li>\n\n\n\n<li>Cukiernik,<\/li>\n\n\n\n<li>Monter sieci i instalacji sanitarnych, <\/li>\n\n\n\n<li>Monter zabudowy rob\u00f3t wyko\u0144czeniowych w budownictwie,<\/li>\n\n\n\n<li>\u015alusarz,<\/li>\n\n\n\n<li>Monter stolarki budowlanej,<\/li>\n\n\n\n<li>Murarz-tynkarz,<\/li>\n\n\n\n<li>Cie\u015bla,<\/li>\n\n\n\n<li>Tapicer,<\/li>\n\n\n\n<li>Przetw\u00f3rca mi\u0119sa,<\/li>\n\n\n\n<li>Piekarz.<\/li>\n<\/ul>\n\n\n\n<p> <\/p>\n\n\n\n<h3 class=\"wp-block-heading has-text-align-center\">UCZ\u0104C SI\u0118 W BRAN\u017bOWEJ SZKOLE I STOPNIA:<\/h3>\n\n\n\n<ul class=\"wp-block-list\">\n<li>&nbsp;masz mo\u017cliwo\u015b\u0107 realizacji praktyki w wymarzonym zawodzie,<\/li>\n\n\n\n<li>&nbsp;masz szans\u0119 na zarabianie swoich pierwszych pieni\u0119dzy,<\/li>\n\n\n\n<li>&nbsp;masz mo\u017cliwo\u015b\u0107 rozwoju swojej osobowo\u015bci,<\/li>\n<\/ul>\n\n\n\n<ul class=\"wp-block-list\">\n<li>nauczysz si\u0119 otwarto\u015bci, aktywno\u015bci i kreatywno\u015bci,<\/li>\n\n\n\n<li>nauczysz si\u0119 racjonalnego podejmowania decyzji,<\/li>\n\n\n\n<li>masz szans\u0119 na znalezienie dobrej pracy,<\/li>\n<\/ul>\n\n\n\n<p>Uczniowie, jako pracownicy m\u0142odociani, musz\u0105 podpisa\u0107 umow\u0119 o prac\u0119 z pracodawc\u0105, u kt\u00f3rego b\u0119d\u0105 realizowa\u0107 praktyczn\u0105 nauk\u0119 zawodu. Konieczne jest tak\u017ce za\u015bwiadczenie lekarskie z Medycyny Pracy o braku przeciwwskaza\u0144 do wykonywania wybranego zawodu.<\/p>\n\n\n\n<p>Skierowanie na badania lekarskie wydaje sekretariat szko\u0142y.<\/p>\n\n\n\n<p>Uko\u0144czenie Bran\u017cowej Szko\u0142y I Stopnia nie zamyka Ci drogi do dalszej nauki. Jako absolwent mo\u017cesz wybra\u0107 r\u00f3\u017cne \u015bcie\u017cki dalszego kszta\u0142cenia:<\/p>\n\n\n\n<ul class=\"wp-block-list\">\n<li>mo\u017cesz kontynuowa\u0107 nauk\u0119 w bran\u017cowej szkole II stopnia \u2013 je\u017celi zdasz egzamin z kwalifikacji \u2013 uzyskasz tytu\u0142 technika; je\u017celi zdasz egzamin maturalny mo\u017cesz kontynuowa\u0107 nauk\u0119 na studiach wy\u017cszych;<\/li>\n\n\n\n<li>mo\u017cesz uzupe\u0142ni\u0107 wykszta\u0142cenie \u015brednie \u2013 wybieraj\u0105c liceum og\u00f3lnokszta\u0142c\u0105ce dla doros\u0142ych. Je\u015bli zdasz egzamin maturalny mo\u017cesz kontynuowa\u0107 nauk\u0119 na studiach wy\u017cszych;<\/li>\n\n\n\n<li>mo\u017cesz zdobywa\u0107 kolejne kwalifikacje zawodowe na kwalifikacyjnych kursach zawodowych.<a><\/a><\/li>\n<\/ul>\n\n\n\n<p><\/p>\n","protected":false},"excerpt":{"rendered":"<p>Bran\u017cowe Oddzia\u0142y Wojskowe Bran\u017cowe Oddzia\u0142y Wojskowe (BOW) to pilota\u017cowy projekt Ministerstwa Obrony Narodowej skierowany do absolwent\u00f3w szk\u00f3\u0142 podstawowych chc\u0105cych w praktyczny spos\u00f3b uczy\u0107 si\u0119 zawodu, r\u00f3wnocze\u015bnie realizuj\u0105c program szkolenia wojskowego. W si\u0142ach zbrojnych zapotrzebowanie na fachowc\u00f3w takich jak: kucharze, mechanicy, elektromechanicy, blacharze czy lakiernicy samochodowi jest bardzo du\u017ce.W ten spos\u00f3b resort obrony narodowej chcia\u0142by przygotowa\u0107 kandydat\u00f3w na \u017co\u0142nierzy w obszarze szeroko rozumianej logistyki wojskowej.Program szkolenia dla BOW b\u0119dzie realizowany przez 3 lata szkolne. Ucze\u0144 posiada status m\u0142odocianego pracownika. W klasie pierwszej zaj\u0119cia w szkole odbywaj\u0105 si\u0119 3 dni w tygodniu, a pozosta\u0142e dniu u pracodawcy, natomiast w klasie 2 i 3 zaj\u0119cia w szkole odbywaj\u0105 si\u0119 w dwa dni w tygodniu, a trzy dniu u pracodawcy. Obejmie on zwyk\u0142e zaj\u0119cia edukacyjnych w szkole, zaj\u0119cia u pracodawcy, a tak\u017ce zaj\u0119cia o tematyce wojskowej z czego zdecydowana wi\u0119kszo\u015b\u0107 to zaj\u0119cia praktyczne, kt\u00f3re realizowane b\u0119d\u0105 w wyznaczonej przez MON patronackiej jednostce wojskowej. Opr\u00f3cz szkolenia logistycznego uczniowie zdob\u0119d\u0105 tak\u017ce podstawow\u0105 wiedz\u0119 ze szkolenia bojowego i podstaw wychowania wojskowego. Uczniowie, kt\u00f3rzy uko\u0144czyli bran\u017cowy oddzia\u0142 wojskowy uzyskaj\u0105 odpowiedni certyfikat i b\u0119d\u0105 mogli skorzysta\u0107 ze skr\u00f3conej wojskowej s\u0142u\u017cby podstawowej. Uko\u0144czenie tego typu szko\u0142y daje mo\u017cliwo\u015b\u0107 pracy w cywilu jak i w wojsku. Dlatego zapraszamy wszystkich ch\u0119tnych zar\u00f3wno tych chc\u0105cych zwi\u0105za\u0107 swoje \u017cycie zawodowe z wojskiem, jak i tych kt\u00f3rzy chc\u0105 tylko uzyska\u0107 odpowiednie przeszkolenie wojskowe. Zawody w Bran\u017cowym Oddziale Wojskowym: Klasa wielozawodowa Kszta\u0142cimy w wielu zawodach. UCZ\u0104C SI\u0118 W BRAN\u017bOWEJ SZKOLE I STOPNIA: Uczniowie, jako pracownicy m\u0142odociani, musz\u0105 podpisa\u0107 umow\u0119 o prac\u0119 z pracodawc\u0105, u kt\u00f3rego b\u0119d\u0105 realizowa\u0107 praktyczn\u0105 nauk\u0119 zawodu. Konieczne jest tak\u017ce za\u015bwiadczenie lekarskie z Medycyny Pracy o braku przeciwwskaza\u0144 do wykonywania wybranego zawodu. Skierowanie na badania lekarskie wydaje sekretariat szko\u0142y. Uko\u0144czenie Bran\u017cowej Szko\u0142y I Stopnia nie zamyka Ci drogi do dalszej nauki. Jako absolwent mo\u017cesz wybra\u0107 r\u00f3\u017cne \u015bcie\u017cki dalszego kszta\u0142cenia:<\/p>\n","protected":false},"author":1,"featured_media":0,"parent":0,"menu_order":0,"comment_status":"closed","ping_status":"closed","template":"","meta":{"ngg_post_thumbnail":0,"footnotes":""},"class_list":["post-126","page","type-page","status-publish","hentry"],"_links":{"self":[{"href":"https:\/\/sybiracy.edu.pl\/index.php\/wp-json\/wp\/v2\/pages\/126","targetHints":{"allow":["GET"]}}],"collection":[{"href":"https:\/\/sybiracy.edu.pl\/index.php\/wp-json\/wp\/v2\/pages"}],"about":[{"href":"https:\/\/sybiracy.edu.pl\/index.php\/wp-json\/wp\/v2\/types\/page"}],"author":[{"embeddable":true,"href":"https:\/\/sybiracy.edu.pl\/index.php\/wp-json\/wp\/v2\/users\/1"}],"replies":[{"embeddable":true,"href":"https:\/\/sybiracy.edu.pl\/index.php\/wp-json\/wp\/v2\/comments?post=126"}],"version-history":[{"count":18,"href":"https:\/\/sybiracy.edu.pl\/index.php\/wp-json\/wp\/v2\/pages\/126\/revisions"}],"predecessor-version":[{"id":12987,"href":"https:\/\/sybiracy.edu.pl\/index.php\/wp-json\/wp\/v2\/pages\/126\/revisions\/12987"}],"wp:attachment":[{"href":"https:\/\/sybiracy.edu.pl\/index.php\/wp-json\/wp\/v2\/media?parent=126"}],"curies":[{"name":"wp","href":"https:\/\/api.w.org\/{rel}","templated":true}]}}