{"id":1150,"date":"2021-10-08T07:19:49","date_gmt":"2021-10-08T05:19:49","guid":{"rendered":"https:\/\/sybiracy.edu.pl\/?page_id=1150"},"modified":"2023-03-28T13:26:56","modified_gmt":"2023-03-28T11:26:56","slug":"stowarzyszenie-zwiazek-sybirakow","status":"publish","type":"page","link":"https:\/\/sybiracy.edu.pl\/index.php\/stowarzyszenie-zwiazek-sybirakow\/","title":{"rendered":"Stowarzyszenie\/Zwi\u0105zek Sybirak\u00f3w"},"content":{"rendered":"\n<h2 class=\"has-text-align-center wp-block-heading\">Stowarzyszenie Pami\u0119ci Zes\u0142anych na Sybir<\/h2>\n\n\n\n<p class=\"has-vivid-red-color has-text-color has-medium-font-size\"><br><strong>Cele stowarzyszenia <\/strong><\/p>\n\n\n\n<p><strong>Stowarzyszenie Pami\u0119ci Polskiego Sybiru<\/strong>&nbsp;powsta\u0142o 16 maja 2007 r. Jego cz\u0142onk\u00f3w po\u0142\u0105czy\u0142a wsp\u00f3lna idea: ocali\u0107 od zapomnienia pami\u0119\u0107 o zes\u0142a\u0144cach na Syberi\u0119. To g\u0142\u00f3wne zadanie, kt\u00f3re staramy si\u0119 realizowa\u0107 poprzez:<\/p>\n\n\n\n<p>-podtrzymywanie tradycji narodowych, piel\u0119gnowanie patriotyzmu, rozw\u00f3j \u015bwiadomo\u015bci obywatelskiej.<\/p>\n\n\n\n<p>-przybli\u017cenie m\u0142odzie\u017cy problematyki zes\u0142a\u0144 Polak\u00f3w na Sybir.<\/p>\n\n\n\n<p>-wsp\u00f3\u0142dzia\u0142anie ze Zwi\u0105zkiem Sybirak\u00f3w.<\/p>\n\n\n\n<p>-sprawowanie opieki nad \u201eznakami pami\u0119ci\u201d, kt\u00f3re staraniem Zwi\u0105zku Sybirak\u00f3w powsta\u0142y na terenie miasta.<\/p>\n\n\n\n<p>Zgodnie z uchwa\u0142\u0105 podj\u0119t\u0105 21.06.2017 r., podczas Walnego Zebrania, zmieniona zosta\u0142a nazwa Stowarzyszenia na&nbsp;<strong>Stowarzyszenie Pami\u0119ci Zes\u0142anych na Sybir<\/strong>&nbsp;i taka nazwa jest wpisana do Krajowego Rejestru S\u0105dowego.<\/p>\n\n\n\n<p>Stowarzyszenie liczy 50 cz\u0142onk\u00f3w<\/p>\n\n\n\n<p><\/p>\n\n\n\n<p class=\"has-vivid-red-color has-text-color\"><strong>Zarz\u0105d stowarzyszenia<\/strong><\/p>\n\n\n\n<p class=\"has-vivid-red-color has-text-color\">Prezes: &nbsp;&nbsp;&nbsp;&nbsp;&nbsp;&nbsp;&nbsp;&nbsp;&nbsp;&nbsp; Antonina Dzikowska<\/p>\n\n\n\n<p class=\"has-vivid-red-color has-text-color\">Wiceprezes: \u00a0\u00a0 Renata G\u00f3rka<\/p>\n\n\n\n<p class=\"has-vivid-red-color has-text-color\">Skarbnik: &nbsp;&nbsp;&nbsp;&nbsp;&nbsp;&nbsp; Urszula Orzechowska<\/p>\n\n\n\n<p class=\"has-vivid-red-color has-text-color\">Sekretarz: &nbsp;&nbsp;&nbsp;&nbsp;&nbsp;&nbsp; Maria Sowa<\/p>\n\n\n\n<p class=\"has-vivid-red-color has-text-color\">Cz\u0142onek Zarz\u0105du: &nbsp;&nbsp;&nbsp;&nbsp;&nbsp;&nbsp;&nbsp;&nbsp; Gra\u017cyna Ogorza\u0142ek<\/p>\n\n\n\n<hr class=\"wp-block-separator has-css-opacity\"\/>\n\n\n\n<hr class=\"wp-block-separator has-css-opacity\"\/>\n\n\n\n<p><a href=\"https:\/\/sybiracy.edu.pl\/wp-content\/uploads\/2021\/09\/statut-stowarzyszenie-pamieci-zeslanych-na-sybir.pdf\"><strong>STATUT <\/strong><\/a> <a href=\"https:\/\/sybiracy.edu.pl\/wp-content\/uploads\/2021\/09\/statut-stowarzyszenie-pamieci-zeslanych-na-sybir.pdf\">&#8211; pobierz<\/a><\/p>\n\n\n\n<hr class=\"wp-block-separator has-css-opacity\"\/>\n\n\n\n<hr class=\"wp-block-separator has-css-opacity\"\/>\n\n\n\n<p><strong>Kontakt<\/strong><\/p>\n\n\n\n<p class=\"has-vivid-red-color has-text-color\"><strong><strong>Stowarzyszenie Pami\u0119ci Polskiego Sybiru&nbsp; Stowarzyszenie Pami\u0119ci Zes\u0142anych na Sybir<\/strong><\/strong><\/p>\n\n\n\n<p>33-300 Nowy S\u0105cz<\/p>\n\n\n\n<p>ul. Kr\u00f3lowej Jadwigi 29<\/p>\n\n\n\n<p>email:&nbsp;zs2@edu.nowysacz.pl<\/p>\n\n\n\n<p>tel.:&nbsp;48 18 440 02 90<\/p>\n\n\n\n<h2 class=\"has-text-align-center wp-block-heading\"> Zwi\u0105zek Sybirak\u00f3w Odzia\u0142 w Nowym S\u0105cz <\/h2>\n\n\n\n<p><strong>Kontakt<\/strong><\/p>\n\n\n\n<p>33-300 Nowy S\u0105cz, ul. Rynek 3<\/p>\n\n\n\n<p>email: zs2@edu.nowysacz.pl<\/p>\n\n\n\n<p>Konto: PKO BP S.A.&nbsp; N. S\u0105cz&nbsp;&nbsp; 50 1020 3453 0000 8802 0055 1895<\/p>\n\n\n\n<p><strong>Zarz\u0105d Oddzia\u0142u Zwi\u0105zku Sybirak\u00f3w w Nowym S\u0105czu<\/strong><\/p>\n\n\n\n<p>Prezes: Kazimierz Korczy\u0144ski \u2013 tel.:&nbsp;698 978 606<br>V-ce prezes\/sekretarz: Anna Wencko<br>Skarbnik: Aleksandra Potoczek<\/p>\n\n\n\n<p>Cz\u0142onkowie zarz\u0105du:<\/p>\n\n\n\n<p>Teresa Bartkowska<br>Helena Augustyn<\/p>\n","protected":false},"excerpt":{"rendered":"<p>Stowarzyszenie Pami\u0119ci Zes\u0142anych na Sybir Cele stowarzyszenia Stowarzyszenie Pami\u0119ci Polskiego Sybiru&nbsp;powsta\u0142o 16 maja 2007 r. Jego cz\u0142onk\u00f3w po\u0142\u0105czy\u0142a wsp\u00f3lna idea: ocali\u0107 od zapomnienia pami\u0119\u0107 o zes\u0142a\u0144cach na Syberi\u0119. To g\u0142\u00f3wne zadanie, kt\u00f3re staramy si\u0119 realizowa\u0107 poprzez: -podtrzymywanie tradycji narodowych, piel\u0119gnowanie patriotyzmu, rozw\u00f3j \u015bwiadomo\u015bci obywatelskiej. -przybli\u017cenie m\u0142odzie\u017cy problematyki zes\u0142a\u0144 Polak\u00f3w na Sybir. -wsp\u00f3\u0142dzia\u0142anie ze Zwi\u0105zkiem Sybirak\u00f3w. -sprawowanie opieki nad \u201eznakami pami\u0119ci\u201d, kt\u00f3re staraniem Zwi\u0105zku Sybirak\u00f3w powsta\u0142y na terenie miasta. Zgodnie z uchwa\u0142\u0105 podj\u0119t\u0105 21.06.2017 r., podczas Walnego Zebrania, zmieniona zosta\u0142a nazwa Stowarzyszenia na&nbsp;Stowarzyszenie Pami\u0119ci Zes\u0142anych na Sybir&nbsp;i taka nazwa jest wpisana do Krajowego Rejestru S\u0105dowego. Stowarzyszenie liczy 50 cz\u0142onk\u00f3w Zarz\u0105d stowarzyszenia Prezes: &nbsp;&nbsp;&nbsp;&nbsp;&nbsp;&nbsp;&nbsp;&nbsp;&nbsp;&nbsp; Antonina Dzikowska Wiceprezes: \u00a0\u00a0 Renata G\u00f3rka Skarbnik: &nbsp;&nbsp;&nbsp;&nbsp;&nbsp;&nbsp; Urszula Orzechowska Sekretarz: &nbsp;&nbsp;&nbsp;&nbsp;&nbsp;&nbsp; Maria Sowa Cz\u0142onek Zarz\u0105du: &nbsp;&nbsp;&nbsp;&nbsp;&nbsp;&nbsp;&nbsp;&nbsp; Gra\u017cyna Ogorza\u0142ek STATUT &#8211; pobierz Kontakt Stowarzyszenie Pami\u0119ci Polskiego Sybiru&nbsp; Stowarzyszenie Pami\u0119ci Zes\u0142anych na Sybir 33-300 Nowy S\u0105cz ul. Kr\u00f3lowej Jadwigi 29 email:&nbsp;zs2@edu.nowysacz.pl tel.:&nbsp;48 18 440 02 90 Zwi\u0105zek Sybirak\u00f3w Odzia\u0142 w Nowym S\u0105cz Kontakt 33-300 Nowy S\u0105cz, ul. Rynek 3 email: zs2@edu.nowysacz.pl Konto: PKO BP S.A.&nbsp; N. S\u0105cz&nbsp;&nbsp; 50 1020 3453 0000 8802 0055 1895 Zarz\u0105d Oddzia\u0142u Zwi\u0105zku Sybirak\u00f3w w Nowym S\u0105czu Prezes: Kazimierz Korczy\u0144ski \u2013 tel.:&nbsp;698 978 606V-ce prezes\/sekretarz: Anna WenckoSkarbnik: Aleksandra Potoczek Cz\u0142onkowie zarz\u0105du: Teresa BartkowskaHelena Augustyn<\/p>\n","protected":false},"author":1,"featured_media":0,"parent":0,"menu_order":0,"comment_status":"closed","ping_status":"closed","template":"","meta":{"ngg_post_thumbnail":0,"footnotes":""},"class_list":["post-1150","page","type-page","status-publish","hentry"],"_links":{"self":[{"href":"https:\/\/sybiracy.edu.pl\/index.php\/wp-json\/wp\/v2\/pages\/1150","targetHints":{"allow":["GET"]}}],"collection":[{"href":"https:\/\/sybiracy.edu.pl\/index.php\/wp-json\/wp\/v2\/pages"}],"about":[{"href":"https:\/\/sybiracy.edu.pl\/index.php\/wp-json\/wp\/v2\/types\/page"}],"author":[{"embeddable":true,"href":"https:\/\/sybiracy.edu.pl\/index.php\/wp-json\/wp\/v2\/users\/1"}],"replies":[{"embeddable":true,"href":"https:\/\/sybiracy.edu.pl\/index.php\/wp-json\/wp\/v2\/comments?post=1150"}],"version-history":[{"count":10,"href":"https:\/\/sybiracy.edu.pl\/index.php\/wp-json\/wp\/v2\/pages\/1150\/revisions"}],"predecessor-version":[{"id":4711,"href":"https:\/\/sybiracy.edu.pl\/index.php\/wp-json\/wp\/v2\/pages\/1150\/revisions\/4711"}],"wp:attachment":[{"href":"https:\/\/sybiracy.edu.pl\/index.php\/wp-json\/wp\/v2\/media?parent=1150"}],"curies":[{"name":"wp","href":"https:\/\/api.w.org\/{rel}","templated":true}]}}