{"id":111,"date":"2021-09-10T15:19:25","date_gmt":"2021-09-10T13:19:25","guid":{"rendered":"https:\/\/zsnr2.webd.pro\/?page_id=111"},"modified":"2025-11-27T11:51:08","modified_gmt":"2025-11-27T10:51:08","slug":"grono-pedagogiczne","status":"publish","type":"page","link":"https:\/\/sybiracy.edu.pl\/index.php\/grono-pedagogiczne\/","title":{"rendered":"Grono Pedagogiczne"},"content":{"rendered":"\n<p><\/p>\n\n\n\n<p><\/p>\n\n\n\n<hr class=\"wp-block-separator has-css-opacity\"\/>\n\n\n\n<p><\/p>\n\n\n\n<p class=\"has-text-align-left has-vivid-red-color has-text-color has-huge-font-size\"><strong>Dyrekcja<\/strong><\/p>\n\n\n\n<p>Dyrektor szko\u0142y <strong>mgr S\u0142awomir Szczerkowski<\/strong> &#8211; nauczyciel wychowania fizycznego, zaj\u0119cia OPW<\/p>\n\n\n\n<p>V-ce dyrektor szko\u0142y <strong>mgr Barbara Fyda <\/strong>&#8211; nauczyciel wychowania fizycznego<\/p>\n\n\n\n<p>V-ce dyrektor szko\u0142y <strong>mgr in\u017c. Rados\u0142aw Repetowski<\/strong> &#8211; nauczyciel przedmiot\u00f3w zawodowych, zaj\u0119cia OPW<\/p>\n\n\n\n<p>V-ce dyrektor szko\u0142y <strong>mgr Tomasz Przyborowski<\/strong> &#8211; nauczyciel przedmiot\u00f3w zawodowych<\/p>\n\n\n\n<p>Kierownik szkolenia praktycznego <strong>mgr Anna Ga\u0142<\/strong> &#8211; nauczyciel wychowania fizycznego<\/p>\n\n\n\n<p><\/p>\n\n\n\n<hr class=\"wp-block-separator has-css-opacity\"\/>\n\n\n\n<p><\/p>\n\n\n\n<p class=\"has-text-align-left has-large-font-size\"><strong>Nauczyciele<\/strong><\/p>\n\n\n\n<p>Babiarz Aneta &#8211; j\u0119zyk angielski<\/p>\n\n\n\n<p>Blecheisen Marzena &#8211; psycholog<\/p>\n\n\n\n<p>Bobak Krystyna &#8211; j\u0119zyk angielski<\/p>\n\n\n\n<p>Bodziony Dominika &#8211; j\u0119zyk niemiecki<\/p>\n\n\n\n<p>Bojarczuk Danuta &#8211; j\u0119zyk polski<\/p>\n\n\n\n<p>Bojnarowska Agnieszka &#8211; j\u0119zyk angielski<\/p>\n\n\n\n<p>Bomba Anna &#8211; nauczyciel wspomagaj\u0105cy<\/p>\n\n\n\n<p>Brdej Agnieszka &#8211; psycholog<\/p>\n\n\n\n<p>Cepiga &#8211; Salabura Ewa &#8211; pedagog<\/p>\n\n\n\n<p>Chlipa\u0142a Beata &#8211; matematyka<\/p>\n\n\n\n<p>Chomoncik Stefan &#8211; nauczyciel wspomagaj\u0105cy<\/p>\n\n\n\n<p>Chrobak Aneta &#8211; wiedza o spo\u0142ecze\u0144stwie, historia i tera\u017aniejszo\u015b\u0107<\/p>\n\n\n\n<p>Chronowska Edyta &#8211; matematyka<\/p>\n\n\n\n<p>Chronowska Katarzyna &#8211; j\u0119zyk angielski<\/p>\n\n\n\n<p>Ciapa\u0142a Anna &#8211; fizyka<\/p>\n\n\n\n<p>Damasiewicz Bart\u0142omiej &#8211; wychowanie fizyczne<\/p>\n\n\n\n<p>D\u0105browska Anna &#8211; j\u0119zyk angielski<\/p>\n\n\n\n<p>D\u0105browska-Motyka Sylwia &#8211; historia, historia i spo\u0142ecze\u0144stwo<\/p>\n\n\n\n<p>Dembska Bernadeta &#8211; nauczyciel wspomagaj\u0105cy<\/p>\n\n\n\n<p>Dro\u017cd\u017c Joanna &#8211; j\u0119zyk angielski<\/p>\n\n\n\n<p>G\u0105dek Agata &#8211; j\u0119zyk polski<\/p>\n\n\n\n<p>Gruca Agnieszka &#8211; j\u0119zyk polski<\/p>\n\n\n\n<p>Hada\u0142a Marta &#8211; geografia<\/p>\n\n\n\n<p>Hala\u015b Aneta &#8211; j\u0119zyk angielski<\/p>\n\n\n\n<p>Homoncik Tomasz &#8211; wiedza o spo\u0142ecze\u0144stwie, pedagog wspomagaj\u0105cy<\/p>\n\n\n\n<p>Joniec-Kulczyk Magdalena &#8211; chemia, biologia<\/p>\n\n\n\n<p>Kie\u0142basa Magdalena &#8211; nauczyciel wspomagaj\u0105cy<\/p>\n\n\n\n<p>Klimczak Monika &#8211; j\u0119zyk niemiecki<\/p>\n\n\n\n<p>K\u0142apsa Maria &#8211; geografia, geografia turystyczna<\/p>\n\n\n\n<p>Knop-Skocze\u0144 Andrzej &#8211; wiedza o policji<\/p>\n\n\n\n<p>Knop-Skocze\u0144 Marta &#8211; j\u0119zyk angielski<\/p>\n\n\n\n<p>Kogut Aneta &#8211; j\u0119zyk niemiecki<\/p>\n\n\n\n<p>Konieczny Angelika &#8211; biologia, chemia<\/p>\n\n\n\n<p>Kosecka Zofia &#8211; wychowanie fizyczne<\/p>\n\n\n\n<p>Ko\u015bci\u00f3\u0142ek Marzena &#8211; j\u0119zyk niemiecki<\/p>\n\n\n\n<p>Kr\u00f3l Iwona &#8211; j\u0119zyk polski<\/p>\n\n\n\n<p>Kurcz Katarzyna &#8211; biologia<\/p>\n\n\n\n<p>Ku\u015bnierz Anna &#8211; matematyka<\/p>\n\n\n\n<p>Ku\u015bnierz Jaros\u0142aw &#8211; muzyka<\/p>\n\n\n\n<p>Liber Marta &#8211; j\u0119zyk angielski<\/p>\n\n\n\n<p>Luberda Bart\u0142omiej &#8211; wychowanie fizyczne, zaj\u0119cia wojskowe<\/p>\n\n\n\n<p>Ma\u0142ota Krzysztof &#8211; informatyka<\/p>\n\n\n\n<p>M\u0119\u017cyk Joanna &#8211; przedmioty zawodowe<\/p>\n\n\n\n<p>Michalik Maria &#8211; matematyka<\/p>\n\n\n\n<p>Mierzwa Krzysztof &#8211; informatyka<\/p>\n\n\n\n<p>Mikulska Marta &#8211; j\u0119zyk angielski<\/p>\n\n\n\n<p>Misiewicz Leszek &#8211; zaj\u0119cia rewalidacyjne<\/p>\n\n\n\n<p>Olenicz Artur &#8211; edukacja wojskowa, wiedza o spo\u0142ecze\u0144stwie<\/p>\n\n\n\n<p>Olszak Halina &#8211; przedmioty zawodowe<\/p>\n\n\n\n<p>Orzechowska Urszula &#8211; geografia<\/p>\n\n\n\n<p>Pierzga Grzegorz &#8211; zaj\u0119cia OPW<\/p>\n\n\n\n<p>Pierzga Marta &#8211; edukacja wojskowa, edukacja dla bezpiecze\u0144stwa, podstawy ratownictwa<\/p>\n\n\n\n<p>Pietruch Alicja &#8211; j\u0119zyk polski<\/p>\n\n\n\n<p>Pietruszka Dorota &#8211; wiedza o spo\u0142ecze\u0144stwie, historia i spo\u0142ecze\u0144stwo<\/p>\n\n\n\n<p>Pogwizd Anna &#8211; j\u0119zyk angielski<\/p>\n\n\n\n<p>Poremba El\u017cbieta &#8211; j\u0119zyk polski<\/p>\n\n\n\n<p>Por\u0119ba Anna &#8211; wychowanie fizyczne<\/p>\n\n\n\n<p>Potoczek Jolanta &#8211; j\u0119zyk niemiecki<\/p>\n\n\n\n<p>ks. Przyby\u0142o Pawe\u0142 &#8211; religia<\/p>\n\n\n\n<p>R\u0105czka Iwona &#8211; historia, historia i tera\u017aniejszo\u015b\u0107<\/p>\n\n\n\n<p>Sawicki Romuald &#8211; bezpiecze\u0144stwo publiczne, wiedza o policji<\/p>\n\n\n\n<p>Serafin Katarzyna &#8211; nauczyciel wspomagaj\u0105cy<\/p>\n\n\n\n<p>Sidorska Katarzyna &#8211; j\u0119zyk angielski<\/p>\n\n\n\n<p>Skrzymowska Marta &#8211; religia<\/p>\n\n\n\n<p>S\u0142awecki Maksymilian &#8211; wychowanie fizyczne<\/p>\n\n\n\n<p>Smole\u0144-Kowalska Magdalena &#8211; nauczyciel wspomagaj\u0105cy<\/p>\n\n\n\n<p>Smoter Marlena &#8211; chemia<\/p>\n\n\n\n<p>Stankowska Monika &#8211; j\u0119zyk niemiecki<\/p>\n\n\n\n<p>Studencka-G\u0119bka Marzena &#8211; geografia<\/p>\n\n\n\n<p>Sularz Katarzyna &#8211; j\u0119zyk polski<\/p>\n\n\n\n<p>Su\u0142kowska Kinga &#8211; chemia<\/p>\n\n\n\n<p>Szkar\u0142at Anna &#8211; wychowanie fizyczne<\/p>\n\n\n\n<p>Sztaba Lucyna &#8211; matematyka<\/p>\n\n\n\n<p>Trojan Gra\u017cyna &#8211; matematyka<\/p>\n\n\n\n<p>Turek Piotr &#8211; historia, edukacja obywatelska<\/p>\n\n\n\n<p>Urz\u0119dowska Kinga &#8211; psycholog<\/p>\n\n\n\n<p>Wantuch Anna &#8211; religia<\/p>\n\n\n\n<p>Wa\u015bko Ewelina &#8211; matematyka<\/p>\n\n\n\n<p>Witowski Mariusz &#8211; wychowanie fizyczne<\/p>\n\n\n\n<p>Zaremba Agnieszka &#8211; przedmioty zawodowe<\/p>\n\n\n\n<p>\u017burek Dorota &#8211; j\u0119zyk polski<\/p>\n\n\n\n<p>\u017bywczak Magdalena &#8211; nauczyciel wspomagaj\u0105cy<\/p>\n\n\n\n<p class=\"has-text-align-center\"><\/p>\n\n\n\n<h2 class=\"wp-block-heading\">Administracja<\/h2>\n\n\n\n<p>Sekretarz szko\u0142y &#8211;<strong>&nbsp;<\/strong>Renata G\u00f3rka<\/p>\n\n\n\n<p>Specjalista ds. kadr &#8211; Anna Lechowicz<\/p>\n\n\n\n<p>Referent d\/s administracyjno-gospodarczych &#8211; Izabela Skocze\u0144<\/p>\n\n\n\n<h2 class=\"wp-block-heading\">Biblioteka <\/h2>\n\n\n\n<p>Sowa Maria<\/p>\n\n\n\n<p><\/p>\n","protected":false},"excerpt":{"rendered":"<p>Dyrekcja Dyrektor szko\u0142y mgr S\u0142awomir Szczerkowski &#8211; nauczyciel wychowania fizycznego, zaj\u0119cia OPW V-ce dyrektor szko\u0142y mgr Barbara Fyda &#8211; nauczyciel wychowania fizycznego V-ce dyrektor szko\u0142y mgr in\u017c. Rados\u0142aw Repetowski &#8211; nauczyciel przedmiot\u00f3w zawodowych, zaj\u0119cia OPW V-ce dyrektor szko\u0142y mgr Tomasz Przyborowski &#8211; nauczyciel przedmiot\u00f3w zawodowych Kierownik szkolenia praktycznego mgr Anna Ga\u0142 &#8211; nauczyciel wychowania fizycznego Nauczyciele Babiarz Aneta &#8211; j\u0119zyk angielski Blecheisen Marzena &#8211; psycholog Bobak Krystyna &#8211; j\u0119zyk angielski Bodziony Dominika &#8211; j\u0119zyk niemiecki Bojarczuk Danuta &#8211; j\u0119zyk polski Bojnarowska Agnieszka &#8211; j\u0119zyk angielski Bomba Anna &#8211; nauczyciel wspomagaj\u0105cy Brdej Agnieszka &#8211; psycholog Cepiga &#8211; Salabura Ewa &#8211; pedagog Chlipa\u0142a Beata &#8211; matematyka Chomoncik Stefan &#8211; nauczyciel wspomagaj\u0105cy Chrobak Aneta &#8211; wiedza o spo\u0142ecze\u0144stwie, historia i tera\u017aniejszo\u015b\u0107 Chronowska Edyta &#8211; matematyka Chronowska Katarzyna &#8211; j\u0119zyk angielski Ciapa\u0142a Anna &#8211; fizyka Damasiewicz Bart\u0142omiej &#8211; wychowanie fizyczne D\u0105browska Anna &#8211; j\u0119zyk angielski D\u0105browska-Motyka Sylwia &#8211; historia, historia i spo\u0142ecze\u0144stwo Dembska Bernadeta &#8211; nauczyciel wspomagaj\u0105cy Dro\u017cd\u017c Joanna &#8211; j\u0119zyk angielski G\u0105dek Agata &#8211; j\u0119zyk polski Gruca Agnieszka &#8211; j\u0119zyk polski Hada\u0142a Marta &#8211; geografia Hala\u015b Aneta &#8211; j\u0119zyk angielski Homoncik Tomasz &#8211; wiedza o spo\u0142ecze\u0144stwie, pedagog wspomagaj\u0105cy Joniec-Kulczyk Magdalena &#8211; chemia, biologia Kie\u0142basa Magdalena &#8211; nauczyciel wspomagaj\u0105cy Klimczak Monika &#8211; j\u0119zyk niemiecki K\u0142apsa Maria &#8211; geografia, geografia turystyczna Knop-Skocze\u0144 Andrzej &#8211; wiedza o policji Knop-Skocze\u0144 Marta &#8211; j\u0119zyk angielski Kogut Aneta &#8211; j\u0119zyk niemiecki Konieczny Angelika &#8211; biologia, chemia Kosecka Zofia &#8211; wychowanie fizyczne Ko\u015bci\u00f3\u0142ek Marzena &#8211; j\u0119zyk niemiecki Kr\u00f3l Iwona &#8211; j\u0119zyk polski Kurcz Katarzyna &#8211; biologia Ku\u015bnierz Anna &#8211; matematyka Ku\u015bnierz Jaros\u0142aw &#8211; muzyka Liber Marta &#8211; j\u0119zyk angielski Luberda Bart\u0142omiej &#8211; wychowanie fizyczne, zaj\u0119cia wojskowe Ma\u0142ota Krzysztof &#8211; informatyka M\u0119\u017cyk Joanna &#8211; przedmioty zawodowe Michalik Maria &#8211; matematyka Mierzwa Krzysztof &#8211; informatyka Mikulska Marta &#8211; j\u0119zyk angielski Misiewicz Leszek &#8211; zaj\u0119cia rewalidacyjne Olenicz Artur &#8211; edukacja wojskowa, wiedza o spo\u0142ecze\u0144stwie Olszak Halina &#8211; przedmioty zawodowe Orzechowska Urszula &#8211; geografia Pierzga Grzegorz &#8211; zaj\u0119cia OPW Pierzga Marta &#8211; edukacja wojskowa, edukacja dla bezpiecze\u0144stwa, podstawy ratownictwa Pietruch Alicja &#8211; j\u0119zyk polski Pietruszka Dorota &#8211; wiedza o spo\u0142ecze\u0144stwie, historia i spo\u0142ecze\u0144stwo Pogwizd Anna &#8211; j\u0119zyk angielski Poremba El\u017cbieta &#8211; j\u0119zyk polski Por\u0119ba Anna &#8211; wychowanie fizyczne Potoczek Jolanta &#8211; j\u0119zyk niemiecki ks. Przyby\u0142o Pawe\u0142 &#8211; religia R\u0105czka Iwona &#8211; historia, historia i tera\u017aniejszo\u015b\u0107 Sawicki Romuald &#8211; bezpiecze\u0144stwo publiczne, wiedza o policji Serafin Katarzyna &#8211; nauczyciel wspomagaj\u0105cy Sidorska Katarzyna &#8211; j\u0119zyk angielski Skrzymowska Marta &#8211; religia S\u0142awecki Maksymilian &#8211; wychowanie fizyczne Smole\u0144-Kowalska Magdalena &#8211; nauczyciel wspomagaj\u0105cy Smoter Marlena &#8211; chemia Stankowska Monika &#8211; j\u0119zyk niemiecki Studencka-G\u0119bka Marzena &#8211; geografia Sularz Katarzyna &#8211; j\u0119zyk polski Su\u0142kowska Kinga &#8211; chemia Szkar\u0142at Anna &#8211; wychowanie fizyczne Sztaba Lucyna &#8211; matematyka Trojan Gra\u017cyna &#8211; matematyka Turek Piotr &#8211; historia, edukacja obywatelska Urz\u0119dowska Kinga &#8211; psycholog Wantuch Anna &#8211; religia Wa\u015bko Ewelina &#8211; matematyka Witowski Mariusz &#8211; wychowanie fizyczne Zaremba Agnieszka &#8211; przedmioty zawodowe \u017burek Dorota &#8211; j\u0119zyk polski \u017bywczak Magdalena &#8211; nauczyciel wspomagaj\u0105cy Administracja Sekretarz szko\u0142y &#8211;&nbsp;Renata G\u00f3rka Specjalista ds. kadr &#8211; Anna Lechowicz Referent d\/s administracyjno-gospodarczych &#8211; Izabela Skocze\u0144 Biblioteka Sowa Maria<\/p>\n","protected":false},"author":1,"featured_media":0,"parent":0,"menu_order":0,"comment_status":"closed","ping_status":"closed","template":"","meta":{"ngg_post_thumbnail":0,"footnotes":""},"class_list":["post-111","page","type-page","status-publish","hentry"],"_links":{"self":[{"href":"https:\/\/sybiracy.edu.pl\/index.php\/wp-json\/wp\/v2\/pages\/111","targetHints":{"allow":["GET"]}}],"collection":[{"href":"https:\/\/sybiracy.edu.pl\/index.php\/wp-json\/wp\/v2\/pages"}],"about":[{"href":"https:\/\/sybiracy.edu.pl\/index.php\/wp-json\/wp\/v2\/types\/page"}],"author":[{"embeddable":true,"href":"https:\/\/sybiracy.edu.pl\/index.php\/wp-json\/wp\/v2\/users\/1"}],"replies":[{"embeddable":true,"href":"https:\/\/sybiracy.edu.pl\/index.php\/wp-json\/wp\/v2\/comments?post=111"}],"version-history":[{"count":46,"href":"https:\/\/sybiracy.edu.pl\/index.php\/wp-json\/wp\/v2\/pages\/111\/revisions"}],"predecessor-version":[{"id":12522,"href":"https:\/\/sybiracy.edu.pl\/index.php\/wp-json\/wp\/v2\/pages\/111\/revisions\/12522"}],"wp:attachment":[{"href":"https:\/\/sybiracy.edu.pl\/index.php\/wp-json\/wp\/v2\/media?parent=111"}],"curies":[{"name":"wp","href":"https:\/\/api.w.org\/{rel}","templated":true}]}}