{"id":10231,"date":"2025-02-18T10:56:46","date_gmt":"2025-02-18T09:56:46","guid":{"rendered":"https:\/\/sybiracy.edu.pl\/?page_id=10231"},"modified":"2026-03-31T12:41:30","modified_gmt":"2026-03-31T10:41:30","slug":"zwiekszenie-jakosci-edukacji-wlaczajacej-w-sadeckich-szkolach","status":"publish","type":"page","link":"https:\/\/sybiracy.edu.pl\/index.php\/zwiekszenie-jakosci-edukacji-wlaczajacej-w-sadeckich-szkolach\/","title":{"rendered":"Zwi\u0119kszenie jako\u015bci edukacji w\u0142\u0105czaj\u0105cej w s\u0105deckich szko\u0142ach"},"content":{"rendered":"\n<figure class=\"wp-block-image size-large\"><img fetchpriority=\"high\" decoding=\"async\" width=\"724\" height=\"1024\" src=\"https:\/\/sybiracy.edu.pl\/wp-content\/uploads\/2025\/02\/plakat-LO.SYB_-724x1024.jpg\" alt=\"\" class=\"wp-image-10232\" srcset=\"https:\/\/sybiracy.edu.pl\/wp-content\/uploads\/2025\/02\/plakat-LO.SYB_-724x1024.jpg 724w, https:\/\/sybiracy.edu.pl\/wp-content\/uploads\/2025\/02\/plakat-LO.SYB_-212x300.jpg 212w, https:\/\/sybiracy.edu.pl\/wp-content\/uploads\/2025\/02\/plakat-LO.SYB_-768x1086.jpg 768w, https:\/\/sybiracy.edu.pl\/wp-content\/uploads\/2025\/02\/plakat-LO.SYB_-1086x1536.jpg 1086w, https:\/\/sybiracy.edu.pl\/wp-content\/uploads\/2025\/02\/plakat-LO.SYB_-1448x2048.jpg 1448w, https:\/\/sybiracy.edu.pl\/wp-content\/uploads\/2025\/02\/plakat-LO.SYB_-1140x1612.jpg 1140w, https:\/\/sybiracy.edu.pl\/wp-content\/uploads\/2025\/02\/plakat-LO.SYB_-scaled.jpg 1810w\" sizes=\"(max-width: 724px) 100vw, 724px\" \/><\/figure>\n\n\n\n<p>Drodzy Rodzice i Uczniowie,<\/p>\n\n\n\n<p>W dniach 30.03.2026 \u2013 12.04.2026 prowadzimy rekrutacj\u0119 na zaj\u0119cia integracyjne i antydyskryminacyjne w ramach projektu pn. \u201eZwi\u0119kszenie jako\u015bci edukacji w\u0142\u0105czaj\u0105cej w s\u0105deckich szko\u0142ach&#8221;.<\/p>\n\n\n\n<p>Drodzy Rodzice i Uczniowie,<\/p>\n\n\n\n<p>W dniach 16.03.2026 \u2013 29.03.2026 prowadzimy rekrutacj\u0119 uzupe\u0142niaj\u0105c\u0105 na indywidualne porady i konsultacje psychologiczne w ramach projektu pn. \u201eZwi\u0119kszenie jako\u015bci edukacji w\u0142\u0105czaj\u0105cej w s\u0105deckich szko\u0142ach&#8221;.<\/p>\n\n\n\n<p>Drodzy Rodzice i Uczniowie,<\/p>\n\n\n\n<p>W dniach 19.01.2026 \u2013 30.01.2026 prowadzimy rekrutacj\u0119 uzupe\u0142niaj\u0105c\u0105 na indywidualne porady i konsultacje psychologiczne w ramach projektu pn. \u201eZwi\u0119kszenie jako\u015bci edukacji w\u0142\u0105czaj\u0105cej w s\u0105deckich szko\u0142ach.<\/p>\n\n\n\n<p>Drodzy Rodzice i Uczniowie,<\/p>\n\n\n\n<p>Informujemy, \u017ce w dniach 04.12.2025 &#8211; 18.12.2025 prowadzimy rekrutacj\u0119 uzupe\u0142niaj\u0105ca na <strong>indywidualne porady i konsultacje psychologiczne <\/strong>w ramach projektu pn. ,, Zwi\u0119kszenie jako\u015bci edukacji w\u0142\u0105czaj\u0105cej w s\u0105deckich szko\u0142ach.&#8221;<\/p>\n\n\n\n<p>Drodzy Rodzice i Uczniowie,<\/p>\n\n\n\n<p>informujemy, \u017ce w dniach 27.10.2025 &#8211; 10.11.2025 prowadzimy rekrutacj\u0119 uzupe\u0142niaj\u0105c\u0105 na&nbsp;<strong>indywidualne porady i konsultacje psychologiczne&nbsp;<\/strong>w ramach projektu pn. Zwi\u0119kszenie jako\u015bci edukacji w\u0142\u0105czaj\u0105cej w s\u0105deckich szko\u0142ach\u201d. <\/p>\n\n\n\n<p>Drodzy Rodzice i Uczniowie,<\/p>\n\n\n\n<p>informujemy, \u017ce prowadzimy rekrutacj\u0119 na&nbsp;<strong>indywidualne porady i konsultacje psychologiczne&nbsp;<\/strong>w ramach projektu pn. Zwi\u0119kszenie jako\u015bci edukacji w\u0142\u0105czaj\u0105cej w s\u0105deckich szko\u0142ach\u201d.<\/p>\n\n\n\n<p><strong>Jak do\u0142\u0105czy\u0107 do projektu?<\/strong><\/p>\n\n\n\n<p>Aby zg\u0142osi\u0107 ch\u0119\u0107 uczestnictwa, nale\u017cy zapozna\u0107 si\u0119 z&nbsp;<strong>Regulaminem Rekrutacji<\/strong><\/p>\n\n\n\n<p>i wype\u0142ni\u0107&nbsp;<strong>formularz rekrutacyjny wraz z za\u0142\u0105cznikami<\/strong>, kt\u00f3ry jest dost\u0119pny:<\/p>\n\n\n\n<p>\u2022<strong>w wersji papierowej<\/strong>&nbsp;\u2013 u psychologa, pok. 314<\/p>\n\n\n\n<p>\u2022<strong>w wersji elektronicznej<\/strong>&nbsp;\u2013 na stronie internetowej szko\u0142y (MENU BOCZNE-DLA UCZNIA\/RODZICA-Zwi\u0119kszenie jako\u015bci edukacji w\u0142\u0105czaj\u0105cej<\/p>\n\n\n\n<p>w s\u0105deckich szko\u0142ach) oraz Miasta Nowy S\u0105cz,<\/p>\n\n\n\n<p><strong>( wszystkie formularze powinny by\u0107 wydrukowane w kolorze)<\/strong><\/p>\n\n\n\n<p>Wype\u0142nione formularze nale\u017cy dostarczy\u0107 do psychologa, pok.314, w terminie<\/p>\n\n\n\n<p><strong>od 10.09.2025 r. do 24.09.2025 r.<\/strong><\/p>\n\n\n\n<p>Zakwalifikowanie do projektu nast\u0105pi po przeprowadzeniu procesu rekrutacyjnego. Liczba miejsc jest ograniczona!<\/p>\n\n\n\n<p>Rekrutacja r\u00f3wnie\u017c w tym terminie odbywa si\u0119 dla rodzic\u00f3w\/prawnych opiekun\u00f3w na zaj\u0119cia (&#8222;Wsparcie w zakresie pe\u0142nienia funkcji rodzicielskich i wspierania rozwoju dzieci i m\u0142odzie\u017cy&#8221;).<\/p>\n\n\n\n<p>Zapraszamy serdecznie!!<\/p>\n\n\n\n<p>Drodzy Rodzice i Uczniowie,<\/p>\n\n\n\n<p>informujemy, \u017ce rekrutacja uzupe\u0142niaj\u0105ca na zaj\u0119cia integracyjne i antydyskryminacyjne zosta\u0142a przed\u0142u\u017cona. Prosimy o sk\u0142adanie dokument\u00f3w do gabinetu psychologa\/pedagoga szkolnego w terminie <strong>od 10.09.2025 do 24.09.2025<\/strong> .<\/p>\n\n\n\n<p>Drodzy Rodzice i Uczniowie,<\/p>\n\n\n\n<p>informujemy, \u017ce rekrutacja uzupe\u0142niaj\u0105ca na zaj\u0119cia integracyjne  i antydyskryminacyjne zosta\u0142a przed\u0142u\u017cona. Prosimy o sk\u0142adanie dokument\u00f3w do gabinetu psychologa\/pedagoga szkolnego w terminie od 05.05.2025 do 16.05.2025 .<\/p>\n\n\n\n<p class=\"has-text-align-left\">Szanowni Pa\u0144stwo,<\/p>\n\n\n\n<p> informujemy, \u017ce rekrutacja uzupe\u0142niaj\u0105ca na indywidualne porady i konsultacje psychologiczne zosta\u0142a przed\u0142u\u017cona. Prosimy o sk\u0142adanie dokument\u00f3w do dnia 18.03.2025 .<\/p>\n\n\n\n<div data-wp-interactive=\"core\/file\" class=\"wp-block-file\"><object data-wp-bind--hidden=\"!state.hasPdfPreview\" hidden class=\"wp-block-file__embed\" data=\"https:\/\/sybiracy.edu.pl\/wp-content\/uploads\/2025\/02\/szkoly-_-info-na-stone_social_media_-4.pdf\" type=\"application\/pdf\" style=\"width:100%;height:600px\" aria-label=\"Osadzone z szko\u0142y _ # info na stone_social_media_ (4).\"><\/object><a id=\"wp-block-file--media-d60a6a00-25b4-4e33-8f81-9548628f1547\" href=\"https:\/\/sybiracy.edu.pl\/wp-content\/uploads\/2025\/02\/szkoly-_-info-na-stone_social_media_-4.pdf\">szko\u0142y _ # info na stone_social_media_ (4)<\/a><\/div>\n\n\n\n<figure class=\"wp-block-table\"><table class=\"has-fixed-layout\"><tbody><tr><td><strong>Rodzaj&nbsp; dokument\u00f3w<\/strong><\/td><td><strong>Za\u0142\u0105czniki do wydruku<\/strong><\/td><\/tr><tr><td>Asystent os\u00f3b niepe\u0142nosprawnych<\/td><td>1,8, 9,10,12, 13,21,15<\/td><\/tr><tr><td>Pomoc psychologiczna- zaj\u0119cia<\/td><td>2,8,9,10, 12,13,21,18<\/td><\/tr><tr><td>Integracja i antydyskryminacja- zaj\u0119cia<\/td><td>5,8,9,10,12,13,21,17<\/td><\/tr><tr><td>Dokszta\u0142canie nauczycieli (szkolenia, studia podyplomowe)<\/td><td>6,8,11,19,21,14<\/td><\/tr><tr><td>Zaj\u0119cia wspieraj\u0105ce dla rodzic\u00f3w<\/td><td>7,8,12,21,16<\/td><\/tr><\/tbody><\/table><\/figure>\n\n\n\n<p>Wszystkie za\u0142\u0105czniki powinny by\u0107 wydrukowane w kolorze!!!!<\/p>\n\n\n\n<p>Za\u0142\u0105czniki do pobrania:<\/p>\n\n\n\n<div class=\"wp-block-file\"><a id=\"wp-block-file--media-3e53fa77-ad28-40c9-8d94-87946e6a56b5\" href=\"https:\/\/sybiracy.edu.pl\/wp-content\/uploads\/2025\/02\/Zalacznik-nr-1-asystent-uczennicyucznia-ze-specjalnymi-potrzebami-edukacyjnymi.docx\">Za\u0142\u0105cznik nr 1 asystent uczennicyucznia ze specjalnymi potrzebami edukacyjnymi,<\/a><a href=\"https:\/\/sybiracy.edu.pl\/wp-content\/uploads\/2025\/02\/Zalacznik-nr-1-asystent-uczennicyucznia-ze-specjalnymi-potrzebami-edukacyjnymi.docx\" class=\"wp-block-file__button wp-element-button\" download aria-describedby=\"wp-block-file--media-3e53fa77-ad28-40c9-8d94-87946e6a56b5\">Pobierz<\/a><\/div>\n\n\n\n<div class=\"wp-block-file\"><a id=\"wp-block-file--media-0f67d918-35f6-4f2a-857a-b59ad1e9eb22\" href=\"https:\/\/sybiracy.edu.pl\/wp-content\/uploads\/2025\/02\/Zalacznik-nr-2-indywidualne-porady-i-konsultacje-psychologiczne.docx\">Za\u0142\u0105cznik nr 2  indywidualne porady i konsultacje psychologiczne<\/a><a href=\"https:\/\/sybiracy.edu.pl\/wp-content\/uploads\/2025\/02\/Zalacznik-nr-2-indywidualne-porady-i-konsultacje-psychologiczne.docx\" class=\"wp-block-file__button wp-element-button\" download aria-describedby=\"wp-block-file--media-0f67d918-35f6-4f2a-857a-b59ad1e9eb22\">Pobierz<\/a><\/div>\n\n\n\n<div class=\"wp-block-file\"><a id=\"wp-block-file--media-ae65c12f-395b-4403-9ba4-c2873810aa9f\" href=\"https:\/\/sybiracy.edu.pl\/wp-content\/uploads\/2025\/02\/Zalacznik-nr-5-zajecia-integracyjne-i-antydyskryminacyjne-.docx\">Za\u0142\u0105cznik nr 5 zaj\u0119cia integracyjne i antydyskryminacyjne<\/a><a href=\"https:\/\/sybiracy.edu.pl\/wp-content\/uploads\/2025\/02\/Zalacznik-nr-5-zajecia-integracyjne-i-antydyskryminacyjne-.docx\" class=\"wp-block-file__button wp-element-button\" download aria-describedby=\"wp-block-file--media-ae65c12f-395b-4403-9ba4-c2873810aa9f\">Pobierz<\/a><\/div>\n\n\n\n<div class=\"wp-block-file\"><a id=\"wp-block-file--media-ff513560-a25d-4457-b352-fc6a38c87d3d\" href=\"https:\/\/sybiracy.edu.pl\/wp-content\/uploads\/2025\/02\/Zalacznik-nr-6-rekrutacja-na-studia-i-szkolenia-dla-kadry-szkoly-.docx\">Za\u0142\u0105cznik nr 6 rekrutacja na studia i szkolenia dla kadry szko\u0142y<\/a><a href=\"https:\/\/sybiracy.edu.pl\/wp-content\/uploads\/2025\/02\/Zalacznik-nr-6-rekrutacja-na-studia-i-szkolenia-dla-kadry-szkoly-.docx\" class=\"wp-block-file__button wp-element-button\" download aria-describedby=\"wp-block-file--media-ff513560-a25d-4457-b352-fc6a38c87d3d\">Pobierz<\/a><\/div>\n\n\n\n<div class=\"wp-block-file\"><a id=\"wp-block-file--media-8758668b-e290-4ffd-a922-f2ef497b396d\" href=\"https:\/\/sybiracy.edu.pl\/wp-content\/uploads\/2025\/02\/Zalacznik-nr-7-rekrutacja-dla-rodzicow-i-opiekunow-prawnych.docx\">Za\u0142\u0105cznik nr 7 rekrutacja dla rodzic\u00f3w i opiekun\u00f3w prawnych<\/a><a href=\"https:\/\/sybiracy.edu.pl\/wp-content\/uploads\/2025\/02\/Zalacznik-nr-7-rekrutacja-dla-rodzicow-i-opiekunow-prawnych.docx\" class=\"wp-block-file__button wp-element-button\" download aria-describedby=\"wp-block-file--media-8758668b-e290-4ffd-a922-f2ef497b396d\">Pobierz<\/a><\/div>\n\n\n\n<div class=\"wp-block-file\"><a id=\"wp-block-file--media-dbc7dbe8-dcb3-41fe-a1e6-25e01a5041ba\" href=\"https:\/\/sybiracy.edu.pl\/wp-content\/uploads\/2025\/02\/Zalacznik-nr-8-kwestionariusz-osobowy.docx\">Za\u0142\u0105cznik nr 8 kwestionariusz osobowy<\/a><a href=\"https:\/\/sybiracy.edu.pl\/wp-content\/uploads\/2025\/02\/Zalacznik-nr-8-kwestionariusz-osobowy.docx\" class=\"wp-block-file__button wp-element-button\" download aria-describedby=\"wp-block-file--media-dbc7dbe8-dcb3-41fe-a1e6-25e01a5041ba\">Pobierz<\/a><\/div>\n\n\n\n<div class=\"wp-block-file\"><a id=\"wp-block-file--media-8fcd4008-5186-4cdd-84d4-823c8c47c403\" href=\"https:\/\/sybiracy.edu.pl\/wp-content\/uploads\/2025\/02\/Zalacznik-nr-9-opinia.docx\">Za\u0142\u0105cznik nr 9 opinia<\/a><a href=\"https:\/\/sybiracy.edu.pl\/wp-content\/uploads\/2025\/02\/Zalacznik-nr-9-opinia.docx\" class=\"wp-block-file__button wp-element-button\" download aria-describedby=\"wp-block-file--media-8fcd4008-5186-4cdd-84d4-823c8c47c403\">Pobierz<\/a><\/div>\n\n\n\n<div class=\"wp-block-file\"><a id=\"wp-block-file--media-abdb33e5-1fd0-4f05-9dc7-9f444851930d\" href=\"https:\/\/sybiracy.edu.pl\/wp-content\/uploads\/2025\/02\/Zalacznik-nr-10-oswiadczenie-uczestnika-projektu-RODO.docx\">Za\u0142\u0105cznik nr 10 o\u015bwiadczenie uczestnika projektu RODO<\/a><a href=\"https:\/\/sybiracy.edu.pl\/wp-content\/uploads\/2025\/02\/Zalacznik-nr-10-oswiadczenie-uczestnika-projektu-RODO.docx\" class=\"wp-block-file__button wp-element-button\" download aria-describedby=\"wp-block-file--media-abdb33e5-1fd0-4f05-9dc7-9f444851930d\">Pobierz<\/a><\/div>\n\n\n\n<div class=\"wp-block-file\"><a id=\"wp-block-file--media-acd59b3a-c49b-46c0-a7dc-9b6c997a2536\" href=\"https:\/\/sybiracy.edu.pl\/wp-content\/uploads\/2025\/02\/Zalacznik-nr-11-deklaracja-uczestnictwa-w-projekcie-dla-kadry-szkol.docx\">Za\u0142\u0105cznik nr 11 deklaracja uczestnictwa w projekcie dla kadry szk\u00f3\u0142<\/a><a href=\"https:\/\/sybiracy.edu.pl\/wp-content\/uploads\/2025\/02\/Zalacznik-nr-11-deklaracja-uczestnictwa-w-projekcie-dla-kadry-szkol.docx\" class=\"wp-block-file__button wp-element-button\" download aria-describedby=\"wp-block-file--media-acd59b3a-c49b-46c0-a7dc-9b6c997a2536\">Pobierz<\/a><\/div>\n\n\n\n<div class=\"wp-block-file\"><a id=\"wp-block-file--media-7baf461b-5584-43ee-9368-44a693531be2\" href=\"https:\/\/sybiracy.edu.pl\/wp-content\/uploads\/2025\/02\/Zalacznik-nr-12-deklaracja-uczestnictwa-w-projekcie-dla-rodzicow-opiekunow-prawnych.docx\">Za\u0142\u0105cznik nr 12 deklaracja uczestnictwa w projekcie dla rodzic\u00f3w opiekun\u00f3w prawnych<\/a><a href=\"https:\/\/sybiracy.edu.pl\/wp-content\/uploads\/2025\/02\/Zalacznik-nr-12-deklaracja-uczestnictwa-w-projekcie-dla-rodzicow-opiekunow-prawnych.docx\" class=\"wp-block-file__button wp-element-button\" download aria-describedby=\"wp-block-file--media-7baf461b-5584-43ee-9368-44a693531be2\">Pobierz<\/a><\/div>\n\n\n\n<div class=\"wp-block-file\"><a id=\"wp-block-file--media-152505ec-c447-4bc4-b512-8a33bc5637c9\" href=\"https:\/\/sybiracy.edu.pl\/wp-content\/uploads\/2025\/02\/Zalacznik-nr-13-deklaracja-uczestnictwa-dziecka-w-projekcie.docx\">Za\u0142\u0105cznik nr 13 deklaracja uczestnictwa dziecka w projekcie<\/a><a href=\"https:\/\/sybiracy.edu.pl\/wp-content\/uploads\/2025\/02\/Zalacznik-nr-13-deklaracja-uczestnictwa-dziecka-w-projekcie.docx\" class=\"wp-block-file__button wp-element-button\" download aria-describedby=\"wp-block-file--media-152505ec-c447-4bc4-b512-8a33bc5637c9\">Pobierz<\/a><\/div>\n\n\n\n<div class=\"wp-block-file\"><a id=\"wp-block-file--media-6a6c4212-093b-461f-96e9-76dd08f8fa6f\" href=\"https:\/\/sybiracy.edu.pl\/wp-content\/uploads\/2025\/02\/Zalacznik-nr-14-protokol-z-posiedzenia-komisji-rekrutacyjnych-kadra-szkol.docx\">Za\u0142\u0105cznik nr 14 protok\u00f3\u0142 z posiedzenia komisji rekrutacyjnych &#8211; kadra szk\u00f3\u0142<\/a><a href=\"https:\/\/sybiracy.edu.pl\/wp-content\/uploads\/2025\/02\/Zalacznik-nr-14-protokol-z-posiedzenia-komisji-rekrutacyjnych-kadra-szkol.docx\" class=\"wp-block-file__button wp-element-button\" download aria-describedby=\"wp-block-file--media-6a6c4212-093b-461f-96e9-76dd08f8fa6f\">Pobierz<\/a><\/div>\n\n\n\n<div class=\"wp-block-file\"><a id=\"wp-block-file--media-f17627e6-8a9d-45f6-8e96-3b3259a98e3a\" href=\"https:\/\/sybiracy.edu.pl\/wp-content\/uploads\/2025\/02\/Zalacznik-nr-15-protokol-z-posiedzenia-komisji-rekrutacyjnych-asystent-ucznia-ze-specjalnymi-potrzebami-edukacyjnymi.docx\">Za\u0142\u0105cznik nr 15 protok\u00f3\u0142 z posiedzenia komisji rekrutacyjnych &#8211; asystent ucznia ze specjalnymi potrzebami edukacyjnymi<\/a><a href=\"https:\/\/sybiracy.edu.pl\/wp-content\/uploads\/2025\/02\/Zalacznik-nr-15-protokol-z-posiedzenia-komisji-rekrutacyjnych-asystent-ucznia-ze-specjalnymi-potrzebami-edukacyjnymi.docx\" class=\"wp-block-file__button wp-element-button\" download aria-describedby=\"wp-block-file--media-f17627e6-8a9d-45f6-8e96-3b3259a98e3a\">Pobierz<\/a><\/div>\n\n\n\n<div class=\"wp-block-file\"><a id=\"wp-block-file--media-bb5c6bec-0620-4a06-9fef-79c6a2b0ae90\" href=\"https:\/\/sybiracy.edu.pl\/wp-content\/uploads\/2025\/02\/Zalacznik-nr-16-protokol-z-posiedzenia-komisji-rekrutacyjnych-rodzice-opiekunowie-prawni.docx\">Za\u0142\u0105cznik nr 16 protok\u00f3\u0142 z posiedzenia komisji rekrutacyjnych &#8211; rodzice opiekunowie prawni<\/a><a href=\"https:\/\/sybiracy.edu.pl\/wp-content\/uploads\/2025\/02\/Zalacznik-nr-16-protokol-z-posiedzenia-komisji-rekrutacyjnych-rodzice-opiekunowie-prawni.docx\" class=\"wp-block-file__button wp-element-button\" download aria-describedby=\"wp-block-file--media-bb5c6bec-0620-4a06-9fef-79c6a2b0ae90\">Pobierz<\/a><\/div>\n\n\n\n<div class=\"wp-block-file\"><a id=\"wp-block-file--media-357636e5-5c28-4334-9c42-86a3c20cdefa\" href=\"https:\/\/sybiracy.edu.pl\/wp-content\/uploads\/2025\/02\/Zalacznik-nr-17-protokol-z-posiedzenia-komisji-rekrutacyjnych-zajecia-integracyjne.docx\">Za\u0142\u0105cznik nr 17 protok\u00f3\u0142 z posiedzenia komisji rekrutacyjnych -zaj\u0119cia integracyjne<\/a><a href=\"https:\/\/sybiracy.edu.pl\/wp-content\/uploads\/2025\/02\/Zalacznik-nr-17-protokol-z-posiedzenia-komisji-rekrutacyjnych-zajecia-integracyjne.docx\" class=\"wp-block-file__button wp-element-button\" download aria-describedby=\"wp-block-file--media-357636e5-5c28-4334-9c42-86a3c20cdefa\">Pobierz<\/a><\/div>\n\n\n\n<div class=\"wp-block-file\"><a id=\"wp-block-file--media-4c0b14ef-3646-4665-866c-51d2606fbdac\" href=\"https:\/\/sybiracy.edu.pl\/wp-content\/uploads\/2025\/02\/Zalacznik-nr-18-protokol-z-posiedzenia-komisji-rekrutacyjnych-porady-i-konsultacje-psychologiczne.docx\">Za\u0142\u0105cznik nr 18 protok\u00f3\u0142 z posiedzenia komisji rekrutacyjnych -porady i konsultacje psychologiczne<\/a><a href=\"https:\/\/sybiracy.edu.pl\/wp-content\/uploads\/2025\/02\/Zalacznik-nr-18-protokol-z-posiedzenia-komisji-rekrutacyjnych-porady-i-konsultacje-psychologiczne.docx\" class=\"wp-block-file__button wp-element-button\" download aria-describedby=\"wp-block-file--media-4c0b14ef-3646-4665-866c-51d2606fbdac\">Pobierz<\/a><\/div>\n\n\n\n<div class=\"wp-block-file\"><a id=\"wp-block-file--media-38c9602f-58af-4d85-90d4-8471f796ccaf\" href=\"https:\/\/sybiracy.edu.pl\/wp-content\/uploads\/2025\/02\/Zalacznik-nr-19-opinia-dyrektora-szkoly-o-nauczycielunauczycielce.docx\">Za\u0142\u0105cznik nr 19 opinia dyrektora szko\u0142y o nauczycielu\/nauczycielce<\/a><a href=\"https:\/\/sybiracy.edu.pl\/wp-content\/uploads\/2025\/02\/Zalacznik-nr-19-opinia-dyrektora-szkoly-o-nauczycielunauczycielce.docx\" class=\"wp-block-file__button wp-element-button\" download aria-describedby=\"wp-block-file--media-38c9602f-58af-4d85-90d4-8471f796ccaf\">Pobierz<\/a><\/div>\n\n\n\n<div class=\"wp-block-file\"><a id=\"wp-block-file--media-b28b6a14-3e33-47a8-85df-f98457de0476\" href=\"https:\/\/sybiracy.edu.pl\/wp-content\/uploads\/2025\/02\/Zalacznik-nr-20-oswiadczenie-o-rezygnacji-.docx\">Za\u0142\u0105cznik nr 20 o\u015bwiadczenie o rezygnacji<\/a><a href=\"https:\/\/sybiracy.edu.pl\/wp-content\/uploads\/2025\/02\/Zalacznik-nr-20-oswiadczenie-o-rezygnacji-.docx\" class=\"wp-block-file__button wp-element-button\" download aria-describedby=\"wp-block-file--media-b28b6a14-3e33-47a8-85df-f98457de0476\">Pobierz<\/a><\/div>\n\n\n\n<div class=\"wp-block-file\"><a id=\"wp-block-file--media-b0103740-43d1-4cf7-b7c7-cec62f82e6ec\" href=\"https:\/\/sybiracy.edu.pl\/wp-content\/uploads\/2025\/02\/Zalacznik-nr-21-zgoda-na-wykorzystanie-wizerunku.docx\">Za\u0142\u0105cznik nr 21 zgoda na wykorzystanie wizerunku<\/a><a href=\"https:\/\/sybiracy.edu.pl\/wp-content\/uploads\/2025\/02\/Zalacznik-nr-21-zgoda-na-wykorzystanie-wizerunku.docx\" class=\"wp-block-file__button wp-element-button\" download aria-describedby=\"wp-block-file--media-b0103740-43d1-4cf7-b7c7-cec62f82e6ec\">Pobierz<\/a><\/div>\n\n\n\n<div class=\"wp-block-file\"><a id=\"wp-block-file--media-01bbe73c-955c-4942-9e37-7d0e0aa056f5\" href=\"https:\/\/sybiracy.edu.pl\/wp-content\/uploads\/2025\/02\/zajecia-z-psychologiem.doc\">zaj\u0119cia z psychologiem<\/a><a href=\"https:\/\/sybiracy.edu.pl\/wp-content\/uploads\/2025\/02\/zajecia-z-psychologiem.doc\" class=\"wp-block-file__button wp-element-button\" download aria-describedby=\"wp-block-file--media-01bbe73c-955c-4942-9e37-7d0e0aa056f5\">Pobierz<\/a><\/div>\n","protected":false},"excerpt":{"rendered":"<p>Drodzy Rodzice i Uczniowie, W dniach 30.03.2026 \u2013 12.04.2026 prowadzimy rekrutacj\u0119 na zaj\u0119cia integracyjne i antydyskryminacyjne w ramach projektu pn. \u201eZwi\u0119kszenie jako\u015bci edukacji w\u0142\u0105czaj\u0105cej w s\u0105deckich szko\u0142ach&#8221;. Drodzy Rodzice i Uczniowie, W dniach 16.03.2026 \u2013 29.03.2026 prowadzimy rekrutacj\u0119 uzupe\u0142niaj\u0105c\u0105 na indywidualne porady i konsultacje psychologiczne w ramach projektu pn. \u201eZwi\u0119kszenie jako\u015bci edukacji w\u0142\u0105czaj\u0105cej w s\u0105deckich szko\u0142ach&#8221;. Drodzy Rodzice i Uczniowie, W dniach 19.01.2026 \u2013 30.01.2026 prowadzimy rekrutacj\u0119 uzupe\u0142niaj\u0105c\u0105 na indywidualne porady i konsultacje psychologiczne w ramach projektu pn. \u201eZwi\u0119kszenie jako\u015bci edukacji w\u0142\u0105czaj\u0105cej w s\u0105deckich szko\u0142ach. Drodzy Rodzice i Uczniowie, Informujemy, \u017ce w dniach 04.12.2025 &#8211; 18.12.2025 prowadzimy rekrutacj\u0119 uzupe\u0142niaj\u0105ca na indywidualne porady i konsultacje psychologiczne w ramach projektu pn. ,, Zwi\u0119kszenie jako\u015bci edukacji w\u0142\u0105czaj\u0105cej w s\u0105deckich szko\u0142ach.&#8221; Drodzy Rodzice i Uczniowie, informujemy, \u017ce w dniach 27.10.2025 &#8211; 10.11.2025 prowadzimy rekrutacj\u0119 uzupe\u0142niaj\u0105c\u0105 na&nbsp;indywidualne porady i konsultacje psychologiczne&nbsp;w ramach projektu pn. Zwi\u0119kszenie jako\u015bci edukacji w\u0142\u0105czaj\u0105cej w s\u0105deckich szko\u0142ach\u201d. Drodzy Rodzice i Uczniowie, informujemy, \u017ce prowadzimy rekrutacj\u0119 na&nbsp;indywidualne porady i konsultacje psychologiczne&nbsp;w ramach projektu pn. Zwi\u0119kszenie jako\u015bci edukacji w\u0142\u0105czaj\u0105cej w s\u0105deckich szko\u0142ach\u201d. Jak do\u0142\u0105czy\u0107 do projektu? Aby zg\u0142osi\u0107 ch\u0119\u0107 uczestnictwa, nale\u017cy zapozna\u0107 si\u0119 z&nbsp;Regulaminem Rekrutacji i wype\u0142ni\u0107&nbsp;formularz rekrutacyjny wraz z za\u0142\u0105cznikami, kt\u00f3ry jest dost\u0119pny: \u2022w wersji papierowej&nbsp;\u2013 u psychologa, pok. 314 \u2022w wersji elektronicznej&nbsp;\u2013 na stronie internetowej szko\u0142y (MENU BOCZNE-DLA UCZNIA\/RODZICA-Zwi\u0119kszenie jako\u015bci edukacji w\u0142\u0105czaj\u0105cej w s\u0105deckich szko\u0142ach) oraz Miasta Nowy S\u0105cz, ( wszystkie formularze powinny by\u0107 wydrukowane w kolorze) Wype\u0142nione formularze nale\u017cy dostarczy\u0107 do psychologa, pok.314, w terminie od 10.09.2025 r. do 24.09.2025 r. Zakwalifikowanie do projektu nast\u0105pi po przeprowadzeniu procesu rekrutacyjnego. Liczba miejsc jest ograniczona! Rekrutacja r\u00f3wnie\u017c w tym terminie odbywa si\u0119 dla rodzic\u00f3w\/prawnych opiekun\u00f3w na zaj\u0119cia (&#8222;Wsparcie w zakresie pe\u0142nienia funkcji rodzicielskich i wspierania rozwoju dzieci i m\u0142odzie\u017cy&#8221;). Zapraszamy serdecznie!! Drodzy Rodzice i Uczniowie, informujemy, \u017ce rekrutacja uzupe\u0142niaj\u0105ca na zaj\u0119cia integracyjne i antydyskryminacyjne zosta\u0142a przed\u0142u\u017cona. Prosimy o sk\u0142adanie dokument\u00f3w do gabinetu psychologa\/pedagoga szkolnego w terminie od 10.09.2025 do 24.09.2025 . Drodzy Rodzice i Uczniowie, informujemy, \u017ce rekrutacja uzupe\u0142niaj\u0105ca na zaj\u0119cia integracyjne i antydyskryminacyjne zosta\u0142a przed\u0142u\u017cona. Prosimy o sk\u0142adanie dokument\u00f3w do gabinetu psychologa\/pedagoga szkolnego w terminie od 05.05.2025 do 16.05.2025 . Szanowni Pa\u0144stwo, informujemy, \u017ce rekrutacja uzupe\u0142niaj\u0105ca na indywidualne porady i konsultacje psychologiczne zosta\u0142a przed\u0142u\u017cona. Prosimy o sk\u0142adanie dokument\u00f3w do dnia 18.03.2025 . Rodzaj&nbsp; dokument\u00f3w Za\u0142\u0105czniki do wydruku Asystent os\u00f3b niepe\u0142nosprawnych 1,8, 9,10,12, 13,21,15 Pomoc psychologiczna- zaj\u0119cia 2,8,9,10, 12,13,21,18 Integracja i antydyskryminacja- zaj\u0119cia 5,8,9,10,12,13,21,17 Dokszta\u0142canie nauczycieli (szkolenia, studia podyplomowe) 6,8,11,19,21,14 Zaj\u0119cia wspieraj\u0105ce dla rodzic\u00f3w 7,8,12,21,16 Wszystkie za\u0142\u0105czniki powinny by\u0107 wydrukowane w kolorze!!!! Za\u0142\u0105czniki do pobrania:<\/p>\n","protected":false},"author":3,"featured_media":0,"parent":0,"menu_order":0,"comment_status":"closed","ping_status":"closed","template":"","meta":{"ngg_post_thumbnail":0,"footnotes":""},"class_list":["post-10231","page","type-page","status-publish","hentry"],"_links":{"self":[{"href":"https:\/\/sybiracy.edu.pl\/index.php\/wp-json\/wp\/v2\/pages\/10231","targetHints":{"allow":["GET"]}}],"collection":[{"href":"https:\/\/sybiracy.edu.pl\/index.php\/wp-json\/wp\/v2\/pages"}],"about":[{"href":"https:\/\/sybiracy.edu.pl\/index.php\/wp-json\/wp\/v2\/types\/page"}],"author":[{"embeddable":true,"href":"https:\/\/sybiracy.edu.pl\/index.php\/wp-json\/wp\/v2\/users\/3"}],"replies":[{"embeddable":true,"href":"https:\/\/sybiracy.edu.pl\/index.php\/wp-json\/wp\/v2\/comments?post=10231"}],"version-history":[{"count":16,"href":"https:\/\/sybiracy.edu.pl\/index.php\/wp-json\/wp\/v2\/pages\/10231\/revisions"}],"predecessor-version":[{"id":13361,"href":"https:\/\/sybiracy.edu.pl\/index.php\/wp-json\/wp\/v2\/pages\/10231\/revisions\/13361"}],"wp:attachment":[{"href":"https:\/\/sybiracy.edu.pl\/index.php\/wp-json\/wp\/v2\/media?parent=10231"}],"curies":[{"name":"wp","href":"https:\/\/api.w.org\/{rel}","templated":true}]}}